{"id":15568,"date":"2019-07-16T08:54:43","date_gmt":"2019-07-16T08:54:43","guid":{"rendered":"https:\/\/incilab.az\/homepage-3\/"},"modified":"2023-09-24T12:33:35","modified_gmt":"2023-09-24T12:33:35","slug":"homepage-3","status":"publish","type":"page","link":"https:\/\/incilab.az\/en\/","title":{"rendered":"Home"},"content":{"rendered":"<p>[vc_row thsn-text-color=&#8221;white&#8221; thsn-bg-color=&#8221;globalcolor&#8221; equal_height=&#8221;yes&#8221; css=&#8221;.vc_custom_1565158963252{margin-top: -250px !important;padding-top: 0px !important;padding-bottom: 0px !important;}&#8221; el_class=&#8221;thsn-brd-rad&#8221; thsn-responsive-css=&#8221;32119322|colbreak_no|||||||||colbreak_yes|0||||||||colbreak_no||||||||||colbreak_no|||||||||&#8221;][vc_column width=&#8221;1\/3&#8243; css=&#8221;.vc_custom_1565151657920{padding-top: 30px !important;padding-right: 50px !important;padding-bottom: 25px !important;padding-left: 50px !important;}&#8221;][\/vc_column][vc_column width=&#8221;1\/3&#8243; css=&#8221;.vc_custom_1669279115099{padding-top: 30px !important;padding-right: 50px !important;padding-bottom: 25px !important;padding-left: 50px !important;background-color: #981e2d !important;}&#8221;][\/vc_column][vc_column width=&#8221;1\/3&#8243; css=&#8221;.vc_custom_1565151636640{padding-top: 30px !important;padding-right: 50px !important;padding-bottom: 25px !important;padding-left: 50px !important;}&#8221;]<div class=\"thsn-timelist-ele-wrapper \"><div class=\"thsn-timelist-wrapper\"><ul class=\"thsn-timelist-list\"><li><span class=\"thsn-timelist-li-title\">Monday<\/span><span class=\"thsn-timelist-li-value\">08:00- 22:00<\/span><\/li><li><span class=\"thsn-timelist-li-title\">Saturday<\/span><span class=\"thsn-timelist-li-value\">08:00- 22:00<\/span><\/li><li><span class=\"thsn-timelist-li-title\">Sunday<\/span><span class=\"thsn-timelist-li-value\">10:00-14:00<\/span><\/li><\/ul><\/div><\/div>[\/vc_column][\/vc_row][vc_row thsn-bg-color=&#8221;white&#8221; disable_element=&#8221;yes&#8221;][vc_column][vc_row_inner][vc_column_inner width=&#8221;5\/12&#8243;][\/vc_column_inner][vc_column_inner width=&#8221;7\/12&#8243; css=&#8221;.vc_custom_1564822085958{margin-top: 35px !important;}&#8221;][vc_custom_heading text=&#8221;\u0130nci Laboratoriyalar\u0131 klinik laborator diaqnostikan\u0131n b\u00fct\u00fcn sah\u0259l\u0259ri, o c\u00fcml\u0259d\u0259n Biokimya, Mikrobiologiya, \u0130mmunologiya, Molekulyar genetika istiqam\u0259tl\u0259ri \u00fczr\u0259 xidm\u0259t g\u00f6st\u0259rir, \u0259n m\u00fcasir n\u0259z\u0259ri v\u0259 praktik yenilikl\u0259ri t\u0259tbiq edir.&#8221; font_container=&#8221;tag:div|font_size:18px|text_align:left|line_height:28px&#8221; use_theme_fonts=&#8221;yes&#8221;][vc_custom_heading text=&#8221;(012) 493-80-47\/48&#8243; font_container=&#8221;tag:h5|text_align:left&#8221; use_theme_fonts=&#8221;yes&#8221; el_class=&#8221;thsn-heading-phone-icon&#8221; css=&#8221;.vc_custom_1650523167513{margin-top: 30px !important;}&#8221;][\/vc_column_inner][\/vc_row_inner][\/vc_column][\/vc_row][vc_row thsn-bg-color=&#8221;white&#8221;][vc_column][vc_row_inner][vc_column_inner]<div  class=\"themesion-element themesion-element-static_box thsn-element-static_box-style-2 themesion-element-viewtype-carousel\" data-show=\"3\" data-columns=\"3\" data-loop=\"true\" data-autoplay=\"true\" data-center=\"true\" data-nav=\"above\" data-dots=\"true\" data-autoplayspeed=\"1000\" data-margin=\"\"><div class=\"themesion-element-inner\"><div class=\"thsn-element-posts-wrapper row multi-columns-row\"><div class=\"thsn-ele thsn-staticbox-ele col-md-4 \"><div class=\"thsn-static-box thsn-static-box-style-2\">\r\n\t<img loading=\"lazy\" decoding=\"async\" width=\"711\" height=\"474\" src=\"https:\/\/incilab.az\/wp-content\/uploads\/2022\/11\/incilab-1.jpg\" class=\"thsn_vc_single_image-img attachment-full\" alt=\"\" title=\"incilab 1\" srcset=\"https:\/\/incilab.az\/wp-content\/uploads\/2022\/11\/incilab-1.jpg 711w, https:\/\/incilab.az\/wp-content\/uploads\/2022\/11\/incilab-1-300x200.jpg 300w\" sizes=\"auto, (max-width: 711px) 100vw, 711px\" data-id=\"15503\" \/>\t<div class=\"themesion-box-title\"><h4>Specialists in medical microbiology and medical biochemistry<\/h4><\/div>\t<\/div><\/div><div class=\"thsn-ele thsn-staticbox-ele col-md-4 \"><div class=\"thsn-static-box thsn-static-box-style-2\">\r\n\t<img loading=\"lazy\" decoding=\"async\" width=\"711\" height=\"474\" src=\"https:\/\/incilab.az\/wp-content\/uploads\/2022\/11\/incilab-2.jpg\" class=\"thsn_vc_single_image-img attachment-full\" alt=\"\" title=\"incilab 2\" srcset=\"https:\/\/incilab.az\/wp-content\/uploads\/2022\/11\/incilab-2.jpg 711w, https:\/\/incilab.az\/wp-content\/uploads\/2022\/11\/incilab-2-300x200.jpg 300w\" sizes=\"auto, (max-width: 711px) 100vw, 711px\" data-id=\"15505\" \/>\t<div class=\"themesion-box-title\"><h4>A constantly evolving laboratory<\/h4><\/div>\t<\/div><\/div><div class=\"thsn-ele thsn-staticbox-ele col-md-4 \"><div class=\"thsn-static-box thsn-static-box-style-2\">\r\n\t<img loading=\"lazy\" decoding=\"async\" width=\"711\" height=\"474\" src=\"https:\/\/incilab.az\/wp-content\/uploads\/2022\/11\/incilab-4.jpg\" class=\"thsn_vc_single_image-img attachment-full\" alt=\"\" title=\"incilab 4\" srcset=\"https:\/\/incilab.az\/wp-content\/uploads\/2022\/11\/incilab-4.jpg 711w, https:\/\/incilab.az\/wp-content\/uploads\/2022\/11\/incilab-4-300x200.jpg 300w\" sizes=\"auto, (max-width: 711px) 100vw, 711px\" data-id=\"15507\" \/>\t<div class=\"themesion-box-title\"><h4>Latest technologies<\/h4><\/div>\t<\/div><\/div><div class=\"thsn-ele thsn-staticbox-ele col-md-4 \"><div class=\"thsn-static-box thsn-static-box-style-2\">\r\n\t<img loading=\"lazy\" decoding=\"async\" width=\"711\" height=\"474\" src=\"https:\/\/incilab.az\/wp-content\/uploads\/2022\/11\/incilab-5.jpg\" class=\"thsn_vc_single_image-img attachment-full\" alt=\"\" title=\"incilab 5\" srcset=\"https:\/\/incilab.az\/wp-content\/uploads\/2022\/11\/incilab-5.jpg 711w, https:\/\/incilab.az\/wp-content\/uploads\/2022\/11\/incilab-5-300x200.jpg 300w\" sizes=\"auto, (max-width: 711px) 100vw, 711px\" data-id=\"15509\" \/>\t<div class=\"themesion-box-title\"><h4>Large test base<\/h4><\/div>\t<\/div><\/div><\/div><!-- .row multi-columns-row themesion-boxes-row-wrapper -->  <\/div><!-- .themesion-element-inner -->   <\/div><!-- .themesion-element -->  [\/vc_column_inner][\/vc_row_inner][\/vc_column][\/vc_row][vc_row thsn-bg-color=&#8221;white&#8221; thsn-extended-column=&#8221;last&#8221; thsn-extended-bg-image-repeat=&#8221;x&#8221; thsn-extended-bg-size=&#8221;cover&#8221; content_placement=&#8221;middle&#8221; thsn-responsive-css=&#8221;32927599|colbreak_no|||||||||colbreak_no|||||||||colbreak_yes||||||||||colbreak_no|||||||||&#8221; css=&#8221;.vc_custom_1668607995170{padding-top: 20px !important;padding-bottom: 20px !important;}&#8221;][vc_column][vc_row_inner thsn-bg-color=&#8221;globalcolor&#8221; thsn-zindex=&#8221;1&#8243; thsn-bg-image-color-order=&#8221;image-over-color&#8221; el_class=&#8221;thsn-steps-counter thsn-two-colum-view-991-to-768&#8243;][vc_column_inner width=&#8221;1\/4&#8243;][\/vc_column_inner][vc_column_inner width=&#8221;1\/4&#8243; thsn-responsive-css=&#8221;61364804|colbreak_no|||||||||colbreak_no|||||||||colbreak_no|35|||||||||colbreak_no|||||||||&#8221;][\/vc_column_inner][vc_column_inner width=&#8221;1\/4&#8243; thsn-responsive-css=&#8221;82679366|colbreak_no|||||||||colbreak_no|||||||||colbreak_no|35|||||||||colbreak_no|||||||||&#8221;][\/vc_column_inner][vc_column_inner width=&#8221;1\/4&#8243; thsn-responsive-css=&#8221;89111041|colbreak_no|||||||||colbreak_no|||||||||colbreak_no|35|||||||||colbreak_no|||||||||&#8221;][\/vc_column_inner][\/vc_row_inner][\/vc_column][\/vc_row][vc_row thsn-bg-color=&#8221;white&#8221; disable_element=&#8221;yes&#8221;][vc_column][vc_row_inner el_class=&#8221;thsn-steps-counter thsn-two-colum-view-991-to-768&#8243; css=&#8221;.vc_custom_1565170876048{margin-top: 80px !important;}&#8221;][vc_column_inner width=&#8221;1\/4&#8243;][\/vc_column_inner][vc_column_inner width=&#8221;1\/4&#8243; thsn-responsive-css=&#8221;61364804|colbreak_no|||||||||colbreak_no|||||||||colbreak_no|35|||||||||colbreak_no|||||||||&#8221;][\/vc_column_inner][vc_column_inner width=&#8221;1\/4&#8243; thsn-responsive-css=&#8221;82679366|colbreak_no|||||||||colbreak_no|||||||||colbreak_no|35|||||||||colbreak_no|||||||||&#8221;][\/vc_column_inner][vc_column_inner width=&#8221;1\/4&#8243; thsn-responsive-css=&#8221;89111041|colbreak_no|||||||||colbreak_no|||||||||colbreak_no|35|||||||||colbreak_no|||||||||&#8221;][\/vc_column_inner][\/vc_row_inner][\/vc_column][\/vc_row][vc_row thsn-bg-color=&#8221;light&#8221; thsn-bg-image-position=&#8221;center-center&#8221; thsn-bg-image-color-order=&#8221;image-over-color&#8221; full_width=&#8221;stretch_row&#8221; css=&#8221;.vc_custom_1669291880125{padding-top: 15px !important;padding-bottom: 15px !important;background-image: url(http:\/\/dentiq-demo.themesion.com\/datasite\/wp-content\/uploads\/sites\/6\/2019\/07\/pattern-1.png?id=11062) !important;background-position: 0 0 !important;background-repeat: repeat !important;}&#8221; thsn-responsive-css=&#8221;44239464|colbreak_no|||||||||colbreak_yes|||||||||colbreak_no||||||||||colbreak_no|||||||||&#8221;][vc_column width=&#8221;1\/2&#8243;][vc_single_image image=&#8221;15515&#8243; img_size=&#8221;full&#8221; el_class=&#8221;thsn-align-center-991&#8243;][\/vc_column][vc_column width=&#8221;1\/2&#8243; thsn-responsive-css=&#8221;93119503|colbreak_no|||||||||colbreak_no|50||50||||||colbreak_no||||||||||colbreak_no|||||||||&#8221; css=&#8221;.vc_custom_1669278442811{margin-top: 0px !important;}&#8221;]<div  class=\"themesion-element themesion-element-service thsn-element-service-style-3 themesion-element-viewtype-row-column thsn-sortable-no\" data-show=\"4\" data-columns=\"2\" data-loop=\"false\" data-autoplay=\"false\" data-center=\"false\" data-nav=\"false\" data-dots=\"false\" data-autoplayspeed=\"1000\" data-margin=\"\"><div class=\"themesion-element-inner\"><div class=\"thsn-ele-header-area\"><\/div><div class=\"thsn-element-posts-wrapper row multi-columns-row\"><div class=\"thsn-ele thsn-service-ele col-md-6 xidm%c9%99tl%c9%99r-en\"><article class=\"themesion-ele themesion-ele-service thsn-service-style-3\">\r\n\t<div class=\"themesion-post-item\">\t\t\t  \r\n\t\t<div class=\"themesion-box-content\">\t\t\t\t\t\t\r\n\t\t\t<div class=\"themesion-box-content-inner\">\r\n\t\t\t\t<div class=\"thsn-service-icon\">\r\n\t\t\t\t\t<div class=\"thsn-service-icon-wrapper\">\r\n\t\t\t\t\t\t<i class=\"fa fa-bars\"><\/i>\t\t\t\t\t<\/div>\r\n\t\t\t\t<\/div>\r\n\t\t\t\t<h3 class=\"thsn-service-title\"><a href=\"https:\/\/incilab.az\/en\/service\/medical-biochemistry\/\">Medical biochemistry<\/a><\/h3> \r\n\t\t\t<\/div>\r\n\t\t<\/div>\r\n\t<\/div>\r\n<\/article>\r\n<\/div><div class=\"thsn-ele thsn-service-ele col-md-6 xidm%c9%99tl%c9%99r-en\"><article class=\"themesion-ele themesion-ele-service thsn-service-style-3\">\r\n\t<div class=\"themesion-post-item\">\t\t\t  \r\n\t\t<div class=\"themesion-box-content\">\t\t\t\t\t\t\r\n\t\t\t<div class=\"themesion-box-content-inner\">\r\n\t\t\t\t<div class=\"thsn-service-icon\">\r\n\t\t\t\t\t<div class=\"thsn-service-icon-wrapper\">\r\n\t\t\t\t\t\t<i class=\"fa fa-bars\"><\/i>\t\t\t\t\t<\/div>\r\n\t\t\t\t<\/div>\r\n\t\t\t\t<h3 class=\"thsn-service-title\"><a href=\"https:\/\/incilab.az\/en\/service\/immunology\/\">Immunology<\/a><\/h3> \r\n\t\t\t<\/div>\r\n\t\t<\/div>\r\n\t<\/div>\r\n<\/article>\r\n<\/div><div class=\"thsn-ele thsn-service-ele col-md-6 xidm%c9%99tl%c9%99r-en\"><article class=\"themesion-ele themesion-ele-service thsn-service-style-3\">\r\n\t<div class=\"themesion-post-item\">\t\t\t  \r\n\t\t<div class=\"themesion-box-content\">\t\t\t\t\t\t\r\n\t\t\t<div class=\"themesion-box-content-inner\">\r\n\t\t\t\t<div class=\"thsn-service-icon\">\r\n\t\t\t\t\t<div class=\"thsn-service-icon-wrapper\">\r\n\t\t\t\t\t\t<i class=\"fa fa-bars\"><\/i>\t\t\t\t\t<\/div>\r\n\t\t\t\t<\/div>\r\n\t\t\t\t<h3 class=\"thsn-service-title\"><a href=\"https:\/\/incilab.az\/en\/service\/hematology-and-hemostasis\/\">Hematology and hemostasis<\/a><\/h3> \r\n\t\t\t<\/div>\r\n\t\t<\/div>\r\n\t<\/div>\r\n<\/article>\r\n<\/div><div class=\"thsn-ele thsn-service-ele col-md-6 xidm%c9%99tl%c9%99r-en\"><article class=\"themesion-ele themesion-ele-service thsn-service-style-3\">\r\n\t<div class=\"themesion-post-item\">\t\t\t  \r\n\t\t<div class=\"themesion-box-content\">\t\t\t\t\t\t\r\n\t\t\t<div class=\"themesion-box-content-inner\">\r\n\t\t\t\t<div class=\"thsn-service-icon\">\r\n\t\t\t\t\t<div class=\"thsn-service-icon-wrapper\">\r\n\t\t\t\t\t\t<i class=\"fa fa-bars\"><\/i>\t\t\t\t\t<\/div>\r\n\t\t\t\t<\/div>\r\n\t\t\t\t<h3 class=\"thsn-service-title\"><a href=\"https:\/\/incilab.az\/en\/service\/oncomarkers\/\">Oncomarkers<\/a><\/h3> \r\n\t\t\t<\/div>\r\n\t\t<\/div>\r\n\t<\/div>\r\n<\/article>\r\n<\/div><\/div><\/div><!-- .themesion-element-inner -->   <\/div><!-- .themesion-element -->  [\/vc_column][\/vc_row][vc_row thsn-bg-color=&#8221;globalcolor&#8221; thsn-bg-image-color-order=&#8221;image-over-color&#8221; full_width=&#8221;stretch_row&#8221; css=&#8221;.vc_custom_1669281485861{background-image: url(https:\/\/incilab.az\/wp-content\/uploads\/2022\/11\/inci-11-scaled.jpg?id=13276) !important;background-position: center !important;background-repeat: no-repeat !important;background-size: cover !important;}&#8221; el_class=&#8221;thsn-vertical-sep&#8221;][vc_column width=&#8221;1\/4&#8243;]<div  class=\"themesion-ele themesion-ele-fid themesion-ele-fid-style-2 \"><div class=\"thsn-fld-contents\">\r\n\t<h4 class=\"thsn-fid-inner\">\r\n\t\t\t\t<span\r\n\t\t\tclass\t\t\t\t  = \"thsn-number-rotate\"\r\n\t\t\tdata-appear-animation = \"animateDigits\"\r\n\t\t\tdata-from             = \"0\"\r\n\t\t\tdata-to               = \"4000\"\r\n\t\t\tdata-interval         = \"5\"\r\n\t\t\tdata-before           = \"\"\r\n\t\t\tdata-before-style     = \"\"\r\n\t\t\tdata-after            = \"\"\r\n\t\t\tdata-after-style      = \"\"\r\n\t\t\t>\r\n\t\t\t\t4000\t\t<\/span>\r\n\t\t<span class=\"thsn-fid-sub\"><sub>+<\/sub><\/span>\r\n\t<\/h4>\r\n\t<h3 class=\"thsn-fid-title\"><span>Tests<br><\/span><\/h3>\r\n<\/div><!-- .thsn-fld-contents -->\r\n<\/div>[\/vc_column][vc_column width=&#8221;1\/4&#8243; thsn-responsive-css=&#8221;11909438|colbreak_no|||||||||colbreak_no|||||||||colbreak_no|40|||||||||colbreak_no|||||||||&#8221;]<div  class=\"themesion-ele themesion-ele-fid themesion-ele-fid-style-2 \"><div class=\"thsn-fld-contents\">\r\n\t<h4 class=\"thsn-fid-inner\">\r\n\t\t\t\t<span\r\n\t\t\tclass\t\t\t\t  = \"thsn-number-rotate\"\r\n\t\t\tdata-appear-animation = \"animateDigits\"\r\n\t\t\tdata-from             = \"0\"\r\n\t\t\tdata-to               = \"20\"\r\n\t\t\tdata-interval         = \"5\"\r\n\t\t\tdata-before           = \"\"\r\n\t\t\tdata-before-style     = \"\"\r\n\t\t\tdata-after            = \"\"\r\n\t\t\tdata-after-style      = \"\"\r\n\t\t\t>\r\n\t\t\t\t20\t\t<\/span>\r\n\t\t<span class=\"thsn-fid-sub\"><sub>+<\/sub><\/span>\r\n\t<\/h4>\r\n\t<h3 class=\"thsn-fid-title\"><span>Our services<br><\/span><\/h3>\r\n<\/div><!-- .thsn-fld-contents -->\r\n<\/div>[\/vc_column][vc_column width=&#8221;1\/4&#8243; thsn-responsive-css=&#8221;80375045|colbreak_no|||||||||colbreak_no|||||||||colbreak_no|40|||||||||colbreak_no|||||||||&#8221;]<div  class=\"themesion-ele themesion-ele-fid themesion-ele-fid-style-2 \"><div class=\"thsn-fld-contents\">\r\n\t<h4 class=\"thsn-fid-inner\">\r\n\t\t\t\t<span\r\n\t\t\tclass\t\t\t\t  = \"thsn-number-rotate\"\r\n\t\t\tdata-appear-animation = \"animateDigits\"\r\n\t\t\tdata-from             = \"0\"\r\n\t\t\tdata-to               = \"5\"\r\n\t\t\tdata-interval         = \"5\"\r\n\t\t\tdata-before           = \"\"\r\n\t\t\tdata-before-style     = \"\"\r\n\t\t\tdata-after            = \"\"\r\n\t\t\tdata-after-style      = \"\"\r\n\t\t\t>\r\n\t\t\t\t5\t\t<\/span>\r\n\t\t<span class=\"thsn-fid-sub\"><sub>+<\/sub><\/span>\r\n\t<\/h4>\r\n\t<h3 class=\"thsn-fid-title\"><span>Branches<br><\/span><\/h3>\r\n<\/div><!-- .thsn-fld-contents -->\r\n<\/div>[\/vc_column][vc_column width=&#8221;1\/4&#8243; thsn-responsive-css=&#8221;37171227|colbreak_no|||||||||colbreak_no|||||||||colbreak_no|40|||||||||colbreak_no|||||||||&#8221;]<div  class=\"themesion-ele themesion-ele-fid themesion-ele-fid-style-2 \"><div class=\"thsn-fld-contents\">\r\n\t<h4 class=\"thsn-fid-inner\">\r\n\t\t\t\t<span\r\n\t\t\tclass\t\t\t\t  = \"thsn-number-rotate\"\r\n\t\t\tdata-appear-animation = \"animateDigits\"\r\n\t\t\tdata-from             = \"0\"\r\n\t\t\tdata-to               = \"50\"\r\n\t\t\tdata-interval         = \"5\"\r\n\t\t\tdata-before           = \"\"\r\n\t\t\tdata-before-style     = \"\"\r\n\t\t\tdata-after            = \"\"\r\n\t\t\tdata-after-style      = \"\"\r\n\t\t\t>\r\n\t\t\t\t50\t\t<\/span>\r\n\t\t<span class=\"thsn-fid-sub\"><sub>+<\/sub><\/span>\r\n\t<\/h4>\r\n\t<h3 class=\"thsn-fid-title\"><span>Our team<br><\/span><\/h3>\r\n<\/div><!-- .thsn-fld-contents -->\r\n<\/div>[\/vc_column][\/vc_row][vc_row full_width=&#8221;stretch_row&#8221; disable_element=&#8221;yes&#8221; css=&#8221;.vc_custom_1650621206541{padding-top: 100px !important;padding-bottom: 90px !important;background-image: url(http:\/\/dentiq-demo.themesion.com\/datasite\/wp-content\/uploads\/sites\/6\/2019\/08\/bg-02.jpg?id=12160) !important;background-position: center !important;background-repeat: no-repeat !important;background-size: cover !important;}&#8221; thsn-responsive-css=&#8221;85811822|colbreak_no|||||||||colbreak_yes|||||||||colbreak_no||||||||||colbreak_no|||||||||&#8221;][vc_column width=&#8221;1\/2&#8243;][\/vc_column][vc_column width=&#8221;1\/2&#8243; css=&#8221;.vc_custom_1563269191346{padding-left: 60px !important;}&#8221;]<div  class=\"themesion-element themesion-element-testimonial thsn-element-testimonial-style-1 themesion-element-viewtype-carousel thsn-sortable-no\" data-show=\"3\" data-columns=\"1\" data-loop=\"false\" data-autoplay=\"false\" data-center=\"false\" data-nav=\"false\" data-dots=\"true\" data-autoplayspeed=\"1000\" data-margin=\"\"><div class=\"themesion-element-inner\"><\/div><!-- .themesion-element-inner -->   <\/div><!-- .themesion-element -->  [\/vc_column][\/vc_row][vc_row thsn-bg-color=&#8221;light&#8221; thsn-bg-image-position=&#8221;center-center&#8221; thsn-bg-image-color-order=&#8221;image-over-color&#8221; full_width=&#8221;stretch_row&#8221; disable_element=&#8221;yes&#8221; css=&#8221;.vc_custom_1650619232239{background-image: url(http:\/\/dentiq-demo.themesion.com\/datasite\/wp-content\/uploads\/sites\/6\/2019\/07\/pattern-1.png?id=11062) !important;background-position: 0 0 !important;background-repeat: repeat !important;}&#8221;][vc_column]<div class=\"themesion-ele themesion-ele-pricing-table thsn-pricing-table-style-1\"><div  class=\"themesion-ptables-w wpb_content_element\"><div class=\"row multi-columns-row\"><div class=\"col-md-4\"><div class=\"thsn-pricing-table-box\">\r\n\t\t<h3 class=\"themesion-ptable-heading\">Teeth Whitening<\/h3><div class=\"themesion-sep\"><\/div>\t<div class=\"thsn-ptablebox-main-icon\"><i class=\"thsn-dentiq-icon thsn-dentiq-icon-brushing-teeth-1\"><\/i><\/div>\t<div class=\"themesion-ptable-price-w\">\r\n\t\t<div class=\"themesion-ptable-price\">240<\/div> <div class=\"themesion-ptable-symbol\">$<\/div>\t\t<div class=\"themesion-ptable-frequency\">Monthly<\/div>\t<\/div>\r\n\t<div class=\"thsn-ptable-lines-w\">\r\n\t\t<div class=\"thsn-ptable-line\"><i class=\"fa fa-check\"><\/i> Preventive Package<\/div><div class=\"thsn-ptable-line\"><i class=\"fa fa-check\"><\/i> Tray Teeth Whitening<\/div><div class=\"thsn-ptable-line\"><i class=\"fa fa-check\"><\/i> Free Panoramic x-ray<\/div>\t<\/div>\t\r\n\t[vc_btn title=\"Choose Plan\" style=\"flat\" shape=\"round\" link=\"url:%23|||\"]<\/div><\/div><div class=\"thsn-pricing-table-featured-col col-md-4\"><div class=\"thsn-pricing-table-box\">\r\n\t<div class=\"thsn-ptablebox-featured-w\"><\/div>\t<h3 class=\"themesion-ptable-heading\">Teeth Implant<\/h3><div class=\"themesion-sep\"><\/div>\t<div class=\"thsn-ptablebox-main-icon\"><i class=\"thsn-dentiq-icon thsn-dentiq-icon-dental-implant\"><\/i><\/div>\t<div class=\"themesion-ptable-price-w\">\r\n\t\t<div class=\"themesion-ptable-price\">599<\/div> <div class=\"themesion-ptable-symbol\">$<\/div>\t\t<div class=\"themesion-ptable-frequency\">Monthly<\/div>\t<\/div>\r\n\t<div class=\"thsn-ptable-lines-w\">\r\n\t\t<div class=\"thsn-ptable-line\"><i class=\"fa fa-check\"><\/i> Upper Fixed Bridge<\/div><div class=\"thsn-ptable-line\"><i class=\"fa fa-check\"><\/i> 3D Dental Tomography<\/div><div class=\"thsn-ptable-line\"><i class=\"fa fa-check\"><\/i> Free Panoramic x-ray<\/div>\t<\/div>\t\r\n\t[vc_btn title=\"Choose Plan\" style=\"flat\" shape=\"round\" link=\"url:%23|||\"]<\/div><\/div><div class=\"col-md-4\"><div class=\"thsn-pricing-table-box\">\r\n\t\t<h3 class=\"themesion-ptable-heading\">Smile Makeover<\/h3><div class=\"themesion-sep\"><\/div>\t<div class=\"thsn-ptablebox-main-icon\"><i class=\"thsn-dentiq-icon thsn-dentiq-icon-tooth-2\"><\/i><\/div>\t<div class=\"themesion-ptable-price-w\">\r\n\t\t<div class=\"themesion-ptable-price\">925<\/div> <div class=\"themesion-ptable-symbol\">$<\/div>\t\t<div class=\"themesion-ptable-frequency\">Monthly<\/div>\t<\/div>\r\n\t<div class=\"thsn-ptable-lines-w\">\r\n\t\t<div class=\"thsn-ptable-line\"><i class=\"fa fa-check\"><\/i> 3D Dental Tomography<\/div><div class=\"thsn-ptable-line\"><i class=\"fa fa-check\"><\/i> Occlusal Guard<\/div><div class=\"thsn-ptable-line\"><i class=\"fa fa-check\"><\/i> Free Panoramic x-ray<\/div>\t<\/div>\t\r\n\t[vc_btn title=\"Choose Plan\" style=\"flat\" shape=\"round\" link=\"url:%23|||\"]<\/div><\/div><\/div><\/div><\/div>[\/vc_column][\/vc_row][vc_row thsn-bg-color=&#8221;white&#8221; css=&#8221;.vc_custom_1669291980707{padding-top: 15px !important;padding-bottom: 15px !important;}&#8221;][vc_column]<div  class=\"themesion-element themesion-element-blog thsn-element-blog-style-1 themesion-element-viewtype-carousel thsn-sortable-no vc_custom_1694697402065\" data-show=\"3\" data-columns=\"3\" data-loop=\"true\" data-autoplay=\"true\" data-center=\"false\" data-nav=\"false\" data-dots=\"false\" data-autoplayspeed=\"1000\" data-margin=\"\"><div class=\"themesion-element-inner\"><div class=\"thsn-ele-header-area\"><\/div><\/div><!-- .themesion-element-inner -->   <\/div><!-- .themesion-element -->  [\/vc_column][\/vc_row]<\/p>\n","protected":false},"excerpt":{"rendered":"<p>[vc_row thsn-text-color=&#8221;white&#8221; thsn-bg-color=&#8221;globalcolor&#8221; equal_height=&#8221;yes&#8221; css=&#8221;.vc_custom_1565158963252{margin-top: -250px !important;padding-top: 0px !important;padding-bottom: 0px !important;}&#8221; el_class=&#8221;thsn-brd-rad&#8221; thsn-responsive-css=&#8221;32119322|colbreak_no|||||||||colbreak_yes|0||||||||colbreak_no||||||||||colbreak_no|||||||||&#8221;][vc_column width=&#8221;1\/3&#8243; css=&#8221;.vc_custom_1565151657920{padding-top: 30px !important;padding-right: 50px !important;padding-bottom: 25px !important;padding-left: 50px !important;}&#8221;][\/vc_column][vc_column width=&#8221;1\/3&#8243; css=&#8221;.vc_custom_1669279115099{padding-top: 30px !important;padding-right: 50px !important;padding-bottom: 25px !important;padding-left: 50px !important;background-color: #981e2d !important;}&#8221;][\/vc_column][vc_column width=&#8221;1\/3&#8243; css=&#8221;.vc_custom_1565151636640{padding-top: 30px !important;padding-right: 50px !important;padding-bottom: 25px !important;padding-left: 50px !important;}&#8221;][\/vc_column][\/vc_row][vc_row thsn-bg-color=&#8221;white&#8221; disable_element=&#8221;yes&#8221;][vc_column][vc_row_inner][vc_column_inner width=&#8221;5\/12&#8243;][\/vc_column_inner][vc_column_inner width=&#8221;7\/12&#8243; css=&#8221;.vc_custom_1564822085958{margin-top: 35px !important;}&#8221;][vc_custom_heading text=&#8221;\u0130nci Laboratoriyalar\u0131 klinik [&hellip;]<\/p>\n","protected":false},"author":1,"featured_media":0,"parent":0,"menu_order":3,"comment_status":"closed","ping_status":"closed","template":"","meta":{"_acf_changed":false,"footnotes":""},"class_list":["post-15568","page","type-page","status-publish","hentry"],"acf":[],"_links":{"self":[{"href":"https:\/\/incilab.az\/en\/wp-json\/wp\/v2\/pages\/15568","targetHints":{"allow":["GET"]}}],"collection":[{"href":"https:\/\/incilab.az\/en\/wp-json\/wp\/v2\/pages"}],"about":[{"href":"https:\/\/incilab.az\/en\/wp-json\/wp\/v2\/types\/page"}],"author":[{"embeddable":true,"href":"https:\/\/incilab.az\/en\/wp-json\/wp\/v2\/users\/1"}],"replies":[{"embeddable":true,"href":"https:\/\/incilab.az\/en\/wp-json\/wp\/v2\/comments?post=15568"}],"version-history":[{"count":18,"href":"https:\/\/incilab.az\/en\/wp-json\/wp\/v2\/pages\/15568\/revisions"}],"predecessor-version":[{"id":15956,"href":"https:\/\/incilab.az\/en\/wp-json\/wp\/v2\/pages\/15568\/revisions\/15956"}],"wp:attachment":[{"href":"https:\/\/incilab.az\/en\/wp-json\/wp\/v2\/media?parent=15568"}],"curies":[{"name":"wp","href":"https:\/\/api.w.org\/{rel}","templated":true}]}}