{"id":15667,"date":"2022-01-10T17:46:17","date_gmt":"2022-01-10T17:46:17","guid":{"rendered":"https:\/\/incilab.az\/siz%c9%99-oz%c9%99l-check-up\/"},"modified":"2023-09-14T08:26:05","modified_gmt":"2023-09-14T08:26:05","slug":"your-private-check-up","status":"publish","type":"page","link":"https:\/\/incilab.az\/en\/your-private-check-up\/","title":{"rendered":"YOUR PRIVATE CHECK UP"},"content":{"rendered":"<p>[vc_row][vc_column][vc_column_text]<span style=\"color: #000000;\">Check-up \u00fcmumi sa\u011flaml\u0131q kontroludur. Sa\u011flam insanlar\u0131n saglaml\u0131\u011f\u0131n\u0131n vaxta\u015f\u0131r\u0131 yoxlan\u0131lmas\u0131, yarana bil\u0259c\u0259k x\u0259st\u0259likl\u0259rin erk\u0259n diaqnostikas\u0131 v\u0259 x\u0259st\u0259lik inki\u015faf etm\u0259d\u0259n qar\u015f\u0131s\u0131n\u0131n al\u0131nmas\u0131 \u00fc\u00e7\u00fcn m\u00fcayin\u0259 metodudur. \u00d6z\u00fcn\u0259 v\u0259 sa\u011flaml\u0131\u011f\u0131na diqq\u0259t yetir\u0259n insanlar Check-up m\u00fcayin\u0259l\u0259r il\u0259 sa\u011flaml\u0131qlar\u0131n\u0131n qay\u011f\u0131s\u0131na qal\u0131rlar. Xronik x\u0259st\u0259likl\u0259rin \u0259ks\u0259riyy\u0259tinin ba\u015flan\u011f\u0131c m\u0259rh\u0259l\u0259sind\u0259 simptomlar z\u0259if olur. Bu m\u0259rh\u0259l\u0259d\u0259 yaln\u0131z simptomlara \u0259sas\u0259n diaqnoz qoymaq \u00e7\u0259tindir, lakin Check-up zaman\u0131 ke\u00e7diyiniz testl\u0259r v\u0259 m\u00fcayin\u0259l\u0259r simptomlar\u0131 olmayan v\u0259 ya z\u0259if olan x\u0259st\u0259likl\u0259rin diaqnozunda b\u00f6y\u00fck rol oynay\u0131r. Bu x\u00fcsusil\u0259 x\u0259r\u00e7\u0259ng kimi x\u0259st\u0259likl\u0259rin erk\u0259n diaqnozunda \u00e7ox \u00f6n\u0259mlidir. Check-up m\u00fcayin\u0259l\u0259rin n\u0259tic\u0259sind\u0259 bu kimi x\u0259st\u0259likl\u0259rin erk\u0259n diaqnostikas\u0131 sa\u011falma \u015fans\u0131n\u0131 d\u0259f\u0259l\u0259rl\u0259 art\u0131r\u0131r.<\/span><\/p>\n<p><span style=\"color: #000000;\">Laboratoriyam\u0131zda Check-up paktel\u0259ri ya\u015f v\u0259 cinsiyy\u0259t\u0259 g\u00f6r\u0259 kateqoriyalara b\u00f6l\u00fcnm\u00fc\u015fd\u00fcr. H\u0259r ya\u015fa uy\u011fun Check-up paketl\u0259ri var. T\u0259cr\u00fcb\u0259li h\u0259kiml\u0259rimiz Check-up m\u00fcayin\u0259l\u0259r\u0259 daxil olan testl\u0259ri se\u00e7\u0259rk\u0259n ya\u015f, cinsiyy\u0259t, anamnez m\u0259lumatlar\u0131 v\u0259 irsiyy\u0259td\u0259 olan x\u0259st\u0259likl\u0259ri n\u0259z\u0259r\u0259 al\u0131rlar.<\/span><\/p>\n<p><a href=\"https:\/\/incilab.az\/umumi-check-up-2\/\"><span style=\"color: #ff0000;\">Check-up m\u0259lumatland\u0131rma formas\u0131 \u00fc\u00e7\u00fcn klikl\u0259yin!<\/span><\/a>[\/vc_column_text][\/vc_column][\/vc_row]<\/p>\n","protected":false},"excerpt":{"rendered":"<p>[vc_row][vc_column][vc_column_text]Check-up \u00fcmumi sa\u011flaml\u0131q kontroludur. Sa\u011flam insanlar\u0131n saglaml\u0131\u011f\u0131n\u0131n vaxta\u015f\u0131r\u0131 yoxlan\u0131lmas\u0131, yarana bil\u0259c\u0259k x\u0259st\u0259likl\u0259rin erk\u0259n diaqnostikas\u0131 v\u0259 x\u0259st\u0259lik inki\u015faf etm\u0259d\u0259n qar\u015f\u0131s\u0131n\u0131n al\u0131nmas\u0131 \u00fc\u00e7\u00fcn m\u00fcayin\u0259 metodudur. \u00d6z\u00fcn\u0259 v\u0259 sa\u011flaml\u0131\u011f\u0131na diqq\u0259t yetir\u0259n insanlar Check-up m\u00fcayin\u0259l\u0259r il\u0259 sa\u011flaml\u0131qlar\u0131n\u0131n qay\u011f\u0131s\u0131na qal\u0131rlar. Xronik x\u0259st\u0259likl\u0259rin \u0259ks\u0259riyy\u0259tinin ba\u015flan\u011f\u0131c m\u0259rh\u0259l\u0259sind\u0259 simptomlar z\u0259if olur. Bu m\u0259rh\u0259l\u0259d\u0259 yaln\u0131z simptomlara \u0259sas\u0259n diaqnoz qoymaq \u00e7\u0259tindir, lakin Check-up zaman\u0131 ke\u00e7diyiniz [&hellip;]<\/p>\n","protected":false},"author":1,"featured_media":0,"parent":0,"menu_order":0,"comment_status":"closed","ping_status":"closed","template":"","meta":{"_acf_changed":false,"footnotes":""},"class_list":["post-15667","page","type-page","status-publish","hentry"],"acf":[],"_links":{"self":[{"href":"https:\/\/incilab.az\/en\/wp-json\/wp\/v2\/pages\/15667","targetHints":{"allow":["GET"]}}],"collection":[{"href":"https:\/\/incilab.az\/en\/wp-json\/wp\/v2\/pages"}],"about":[{"href":"https:\/\/incilab.az\/en\/wp-json\/wp\/v2\/types\/page"}],"author":[{"embeddable":true,"href":"https:\/\/incilab.az\/en\/wp-json\/wp\/v2\/users\/1"}],"replies":[{"embeddable":true,"href":"https:\/\/incilab.az\/en\/wp-json\/wp\/v2\/comments?post=15667"}],"version-history":[{"count":2,"href":"https:\/\/incilab.az\/en\/wp-json\/wp\/v2\/pages\/15667\/revisions"}],"predecessor-version":[{"id":15862,"href":"https:\/\/incilab.az\/en\/wp-json\/wp\/v2\/pages\/15667\/revisions\/15862"}],"wp:attachment":[{"href":"https:\/\/incilab.az\/en\/wp-json\/wp\/v2\/media?parent=15667"}],"curies":[{"name":"wp","href":"https:\/\/api.w.org\/{rel}","templated":true}]}}