{"id":15669,"date":"2022-01-10T17:49:39","date_gmt":"2022-01-10T17:49:39","guid":{"rendered":"https:\/\/incilab.az\/karqo-il%c9%99-numun%c9%99-gond%c9%99rm%c9%99\/"},"modified":"2023-09-14T08:27:29","modified_gmt":"2023-09-14T08:27:29","slug":"sample-shipping-with-cargo","status":"publish","type":"page","link":"https:\/\/incilab.az\/en\/sample-shipping-with-cargo\/","title":{"rendered":"SAMPLE SHIPPING WITH CARGO"},"content":{"rendered":"<p>[vc_row][vc_column][vc_column_text]<span style=\"color: #000000;\">Oldu\u011funuz yerd\u0259n \u00f6z\u00fcn\u00fcz v\u0259 ya m\u00fc\u0259ssis\u0259 t\u0259r\u0259find\u0259n KARQO il\u0259 n\u00fcmun\u0259 g\u00f6nd\u0259r\u0259 bil\u0259rsiniz. Laborator m\u00fcayin\u0259l\u0259r \u00fc\u00e7\u00fcn n\u00fcmun\u0259l\u0259rin al\u0131nmas\u0131 v\u0259 g\u00f6nd\u0259rilm\u0259si qaydalar\u0131 il\u0259 veb sayt\u0131m\u0131z\u0131n <span style=\"color: #ff0000;\"><a style=\"color: #ff0000;\" href=\"https:\/\/test.incilab.az\/\">TEST R\u018fHB\u018fR\u0130<\/a> <\/span>b\u00f6lm\u0259sind\u0259 tan\u0131\u015f ola bil\u0259rsiniz.<\/span>[\/vc_column_text][\/vc_column][\/vc_row]<\/p>\n","protected":false},"excerpt":{"rendered":"<p>[vc_row][vc_column][vc_column_text]Oldu\u011funuz yerd\u0259n \u00f6z\u00fcn\u00fcz v\u0259 ya m\u00fc\u0259ssis\u0259 t\u0259r\u0259find\u0259n KARQO il\u0259 n\u00fcmun\u0259 g\u00f6nd\u0259r\u0259 bil\u0259rsiniz. Laborator m\u00fcayin\u0259l\u0259r \u00fc\u00e7\u00fcn n\u00fcmun\u0259l\u0259rin al\u0131nmas\u0131 v\u0259 g\u00f6nd\u0259rilm\u0259si qaydalar\u0131 il\u0259 veb sayt\u0131m\u0131z\u0131n TEST R\u018fHB\u018fR\u0130 b\u00f6lm\u0259sind\u0259 tan\u0131\u015f ola bil\u0259rsiniz.[\/vc_column_text][\/vc_column][\/vc_row]<\/p>\n","protected":false},"author":1,"featured_media":0,"parent":0,"menu_order":0,"comment_status":"closed","ping_status":"closed","template":"","meta":{"_acf_changed":false,"footnotes":""},"class_list":["post-15669","page","type-page","status-publish","hentry"],"acf":[],"_links":{"self":[{"href":"https:\/\/incilab.az\/en\/wp-json\/wp\/v2\/pages\/15669","targetHints":{"allow":["GET"]}}],"collection":[{"href":"https:\/\/incilab.az\/en\/wp-json\/wp\/v2\/pages"}],"about":[{"href":"https:\/\/incilab.az\/en\/wp-json\/wp\/v2\/types\/page"}],"author":[{"embeddable":true,"href":"https:\/\/incilab.az\/en\/wp-json\/wp\/v2\/users\/1"}],"replies":[{"embeddable":true,"href":"https:\/\/incilab.az\/en\/wp-json\/wp\/v2\/comments?post=15669"}],"version-history":[{"count":2,"href":"https:\/\/incilab.az\/en\/wp-json\/wp\/v2\/pages\/15669\/revisions"}],"predecessor-version":[{"id":15863,"href":"https:\/\/incilab.az\/en\/wp-json\/wp\/v2\/pages\/15669\/revisions\/15863"}],"wp:attachment":[{"href":"https:\/\/incilab.az\/en\/wp-json\/wp\/v2\/media?parent=15669"}],"curies":[{"name":"wp","href":"https:\/\/api.w.org\/{rel}","templated":true}]}}