{"id":15671,"date":"2022-01-10T17:52:24","date_gmt":"2022-01-10T17:52:24","guid":{"rendered":"https:\/\/incilab.az\/k%c9%99nar-laboratoriyalara-veril%c9%99n-xidm%c9%99tl%c9%99r\/"},"modified":"2023-09-14T08:29:29","modified_gmt":"2023-09-14T08:29:29","slug":"services-provided-to-outside-laboratories","status":"publish","type":"page","link":"https:\/\/incilab.az\/en\/services-provided-to-outside-laboratories\/","title":{"rendered":"SERVICES PROVIDED TO OUTSIDE LABORATORIES"},"content":{"rendered":"<p>[vc_row][vc_column][vc_column_text]2017-ci ild\u0259n keyfiyy\u0259ti v\u0259 etibarl\u0131l\u0131\u011f\u0131 il\u0259 sizin yan\u0131n\u0131zda olan laboratoriyam\u0131z, 5 filial\u0131 il\u0259 xidm\u0259tinizd\u0259dir. Biziml\u0259 \u0259m\u0259kda\u015fl\u0131q etm\u0259k ist\u0259s\u0259niz <strong><span style=\"color: #ff0000;\">info@incilab.az<\/span><\/strong> elektron \u00fcnvan\u0131 il\u0259 biziml\u0259 \u0259laq\u0259 saxlaya bil\u0259rsiniz. N\u00fcmun\u0259 g\u00f6nd\u0259rilm\u0259sind\u0259 Laboratoriyam\u0131z t\u0259r\u0259find\u0259n haz\u0131rlanm\u0131\u015f \u00e7antalar istifad\u0259 edilir.<\/p>\n<p>N\u00fcmun\u0259 g\u00f6nd\u0259rm\u0259k \u00fc\u00e7\u00fcn ehtiyac duydu\u011funuz materiallar (buz q\u0259libi, quru buz, n\u00fcm\u00fcn\u0259 qablar\u0131&#8230;) laboratoriyam\u0131z t\u0259r\u0259find\u0259n t\u0259min edilir. G\u00f6nd\u0259r\u0259c\u0259yiniz n\u00fcmun\u0259l\u0259r \u00fc\u00e7\u00fcn veb s\u0259hif\u0259mizd\u0259n qeydiyyatdan ke\u00e7ib, n\u0259tic\u0259l\u0259ri t\u0259qib etm\u0259yiniz m\u00fcmk\u00fcnd\u00fcr.<\/p>\n<p>Analiz n\u0259tic\u0259l\u0259rini veb s\u0259hif\u0259mizd\u0259n \u0259ld\u0259 ed\u0259 bil\u0259r, el\u0259c\u0259 d\u0259 ist\u0259y\u0259 uy\u011fun olaraq e-mail v\u0259 ya faks yolu il\u0259 d\u0259 ala bil\u0259rsiniz.[\/vc_column_text][\/vc_column][\/vc_row]<\/p>\n","protected":false},"excerpt":{"rendered":"<p>[vc_row][vc_column][vc_column_text]2017-ci ild\u0259n keyfiyy\u0259ti v\u0259 etibarl\u0131l\u0131\u011f\u0131 il\u0259 sizin yan\u0131n\u0131zda olan laboratoriyam\u0131z, 5 filial\u0131 il\u0259 xidm\u0259tinizd\u0259dir. Biziml\u0259 \u0259m\u0259kda\u015fl\u0131q etm\u0259k ist\u0259s\u0259niz info@incilab.az elektron \u00fcnvan\u0131 il\u0259 biziml\u0259 \u0259laq\u0259 saxlaya bil\u0259rsiniz. N\u00fcmun\u0259 g\u00f6nd\u0259rilm\u0259sind\u0259 Laboratoriyam\u0131z t\u0259r\u0259find\u0259n haz\u0131rlanm\u0131\u015f \u00e7antalar istifad\u0259 edilir. N\u00fcmun\u0259 g\u00f6nd\u0259rm\u0259k \u00fc\u00e7\u00fcn ehtiyac duydu\u011funuz materiallar (buz q\u0259libi, quru buz, n\u00fcm\u00fcn\u0259 qablar\u0131&#8230;) laboratoriyam\u0131z t\u0259r\u0259find\u0259n t\u0259min edilir. G\u00f6nd\u0259r\u0259c\u0259yiniz n\u00fcmun\u0259l\u0259r \u00fc\u00e7\u00fcn veb s\u0259hif\u0259mizd\u0259n [&hellip;]<\/p>\n","protected":false},"author":1,"featured_media":0,"parent":0,"menu_order":0,"comment_status":"closed","ping_status":"closed","template":"","meta":{"_acf_changed":false,"footnotes":""},"class_list":["post-15671","page","type-page","status-publish","hentry"],"acf":[],"_links":{"self":[{"href":"https:\/\/incilab.az\/en\/wp-json\/wp\/v2\/pages\/15671","targetHints":{"allow":["GET"]}}],"collection":[{"href":"https:\/\/incilab.az\/en\/wp-json\/wp\/v2\/pages"}],"about":[{"href":"https:\/\/incilab.az\/en\/wp-json\/wp\/v2\/types\/page"}],"author":[{"embeddable":true,"href":"https:\/\/incilab.az\/en\/wp-json\/wp\/v2\/users\/1"}],"replies":[{"embeddable":true,"href":"https:\/\/incilab.az\/en\/wp-json\/wp\/v2\/comments?post=15671"}],"version-history":[{"count":2,"href":"https:\/\/incilab.az\/en\/wp-json\/wp\/v2\/pages\/15671\/revisions"}],"predecessor-version":[{"id":15864,"href":"https:\/\/incilab.az\/en\/wp-json\/wp\/v2\/pages\/15671\/revisions\/15864"}],"wp:attachment":[{"href":"https:\/\/incilab.az\/en\/wp-json\/wp\/v2\/media?parent=15671"}],"curies":[{"name":"wp","href":"https:\/\/api.w.org\/{rel}","templated":true}]}}