{"id":15675,"date":"2022-01-10T17:55:19","date_gmt":"2022-01-10T17:55:19","guid":{"rendered":"https:\/\/incilab.az\/pes%c9%99-x%c9%99st%c9%99likl%c9%99rinin-skrininqi-is-yerl%c9%99rind%c9%99-aparilan-muayin%c9%99l%c9%99r\/"},"modified":"2023-09-14T08:33:24","modified_gmt":"2023-09-14T08:33:24","slug":"screening-of-occupational-diseases-inspections-carried-out-in-workplaces","status":"publish","type":"page","link":"https:\/\/incilab.az\/en\/screening-of-occupational-diseases-inspections-carried-out-in-workplaces\/","title":{"rendered":"SCREENING OF OCCUPATIONAL DISEASES. INSPECTIONS CARRIED OUT IN WORKPLACES"},"content":{"rendered":"<p>[vc_row][vc_column][vc_column_text]\u0130nci Laboratoriyalar\u0131 t\u0259r\u0259find\u0259n Pe\u015f\u0259 x\u0259st\u0259likl\u0259ri bax\u0131m\u0131ndan skrininq v\u0259 m\u00fc\u015fahid\u0259 t\u0259l\u0259b ed\u0259n m\u00fcayin\u0259l\u0259r apar\u0131l\u0131r. Bu m\u00fcayin\u0259l\u0259r m\u00fc\u0259ssis\u0259nin v\u0259 i\u015f yerinin\u00a0 x\u00fcsusiyy\u0259tl\u0259rind\u0259n as\u0131l\u0131 olaraq d\u0259yi\u015fir. Qanda v\u0259 sidikd\u0259 qu\u011fu\u015funun t\u0259yini, Fenol, Mis, Sink v\u0259 dig\u0259r metal analizl\u0259ri, el\u0259c\u0259 d\u0259 pe\u015f\u0259 x\u0259st\u0259likl\u0259rind\u0259 \u00f6n\u0259mi olan m\u00fcayin\u0259 v\u0259 ara\u015fd\u0131rmalar\u0131 k\u00fctl\u0259vi skrininql\u0259r \u015f\u0259klind\u0259 icra etm\u0259k m\u00fcmk\u00fcnd\u00fcr. Bundan ba\u015fqa, \u0130nci Labratoriyalar\u0131 t\u0259r\u0259find\u0259n beyn\u0259lxalq protokollara uy\u011fun olaraq \u0259m\u0259yin t\u0259hl\u00fck\u0259sizliyi bax\u0131m\u0131ndan i\u015f yerl\u0259rinin (hava, su, s\u0259thl\u0259r v\u0259 s.) v\u0259 \u00e7al\u0131\u015fan \u0259m\u0259kda\u015flar\u0131n (\u0259ll\u0259r, burun bo\u015flu\u011fu v\u0259 s.) mikrobioloji skrininqi h\u0259yata ke\u00e7irilir.[\/vc_column_text][\/vc_column][\/vc_row]<\/p>\n","protected":false},"excerpt":{"rendered":"<p>[vc_row][vc_column][vc_column_text]\u0130nci Laboratoriyalar\u0131 t\u0259r\u0259find\u0259n Pe\u015f\u0259 x\u0259st\u0259likl\u0259ri bax\u0131m\u0131ndan skrininq v\u0259 m\u00fc\u015fahid\u0259 t\u0259l\u0259b ed\u0259n m\u00fcayin\u0259l\u0259r apar\u0131l\u0131r. Bu m\u00fcayin\u0259l\u0259r m\u00fc\u0259ssis\u0259nin v\u0259 i\u015f yerinin\u00a0 x\u00fcsusiyy\u0259tl\u0259rind\u0259n as\u0131l\u0131 olaraq d\u0259yi\u015fir. Qanda v\u0259 sidikd\u0259 qu\u011fu\u015funun t\u0259yini, Fenol, Mis, Sink v\u0259 dig\u0259r metal analizl\u0259ri, el\u0259c\u0259 d\u0259 pe\u015f\u0259 x\u0259st\u0259likl\u0259rind\u0259 \u00f6n\u0259mi olan m\u00fcayin\u0259 v\u0259 ara\u015fd\u0131rmalar\u0131 k\u00fctl\u0259vi skrininql\u0259r \u015f\u0259klind\u0259 icra etm\u0259k m\u00fcmk\u00fcnd\u00fcr. Bundan ba\u015fqa, \u0130nci Labratoriyalar\u0131 t\u0259r\u0259find\u0259n [&hellip;]<\/p>\n","protected":false},"author":1,"featured_media":0,"parent":0,"menu_order":0,"comment_status":"closed","ping_status":"closed","template":"","meta":{"_acf_changed":false,"footnotes":""},"class_list":["post-15675","page","type-page","status-publish","hentry"],"acf":[],"_links":{"self":[{"href":"https:\/\/incilab.az\/en\/wp-json\/wp\/v2\/pages\/15675","targetHints":{"allow":["GET"]}}],"collection":[{"href":"https:\/\/incilab.az\/en\/wp-json\/wp\/v2\/pages"}],"about":[{"href":"https:\/\/incilab.az\/en\/wp-json\/wp\/v2\/types\/page"}],"author":[{"embeddable":true,"href":"https:\/\/incilab.az\/en\/wp-json\/wp\/v2\/users\/1"}],"replies":[{"embeddable":true,"href":"https:\/\/incilab.az\/en\/wp-json\/wp\/v2\/comments?post=15675"}],"version-history":[{"count":3,"href":"https:\/\/incilab.az\/en\/wp-json\/wp\/v2\/pages\/15675\/revisions"}],"predecessor-version":[{"id":15867,"href":"https:\/\/incilab.az\/en\/wp-json\/wp\/v2\/pages\/15675\/revisions\/15867"}],"wp:attachment":[{"href":"https:\/\/incilab.az\/en\/wp-json\/wp\/v2\/media?parent=15675"}],"curies":[{"name":"wp","href":"https:\/\/api.w.org\/{rel}","templated":true}]}}