{"id":15677,"date":"2022-01-10T17:57:48","date_gmt":"2022-01-10T17:57:48","guid":{"rendered":"https:\/\/incilab.az\/porterl%c9%99rin-kuryerl%c9%99rin-muayin%c9%99si\/"},"modified":"2023-09-14T08:34:03","modified_gmt":"2023-09-14T08:34:03","slug":"carrier-examination","status":"publish","type":"page","link":"https:\/\/incilab.az\/en\/carrier-examination\/","title":{"rendered":"Carrier examination"},"content":{"rendered":"<p>[vc_row][vc_column][vc_column_text]<span style=\"color: #000000;\"><strong>Da\u015f\u0131y\u0131c\u0131 m\u00fcayin\u0259si n\u0259dir, nec\u0259 apar\u0131l\u0131r?\u00a0<\/strong><\/span><\/p>\n<p>Da\u015f\u0131y\u0131c\u0131 m\u00fcayin\u0259si qida m\u00fc\u0259ssis\u0259l\u0259rind\u0259 \u00e7al\u0131\u015fan insanlar\u0131n x\u0259st\u0259lik da\u015f\u0131y\u0131b-da\u015f\u0131mad\u0131qlar\u0131n\u0131 test ed\u0259n m\u00fcayin\u0259 n\u00f6v\u00fcd\u00fcr. Y\u0259ni da\u015f\u0131y\u0131c\u0131 dedikd\u0259 qida vasit\u0259sil\u0259 yoluxa bil\u0259n h\u0259r hans\u0131 yoluxucu x\u0259st\u0259liyin t\u00f6r\u0259dicisini \u00f6z orqanizmind\u0259 da\u015f\u0131yan, ancaq bu x\u0259st\u0259liyin simptomlar\u0131 olmayan \u015f\u0259xsl\u0259r n\u0259z\u0259rd\u0259 tutulur. Bu yolla qida istehsal sah\u0259l\u0259rini x\u0259st\u0259likl\u0259rd\u0259n uzaq tutmaq h\u0259d\u0259fl\u0259nir.<\/p>\n<p><span style=\"color: #000000;\"><strong>Da\u015f\u0131y\u0131c\u0131 m\u00fcayin\u0259si n\u0259dir?\u00a0<\/strong><\/span><\/p>\n<p>Da\u015f\u0131y\u0131c\u0131 m\u00fcayin\u0259si qida il\u0259 yoluxan x\u0259st\u0259likl\u0259rin ara\u015fd\u0131r\u0131ld\u0131\u011f\u0131 bir m\u00fcayin\u0259 n\u00f6v\u00fcd\u00fcr. Qida sekrunda \u00e7al\u0131\u015fan \u015f\u0259xsl\u0259r\u0259 t\u0259tbiq edilir. Da\u015f\u0131y\u0131c\u0131 m\u00fcayin\u0259si bir \u00e7ox m\u00fcxt\u0259lif testl\u0259rd\u0259n ibar\u0259tdir. Bu testl\u0259r\u0259 burun, bo\u011faz, ba\u011f\u0131rsaq v\u0259 n\u0259cis materiallar\u0131n\u0131n kultivasiya testl\u0259ri daxildir. Bundan \u0259lav\u0259, a\u011fciy\u0259rl\u0259rd\u0259 a\u015fkar edil\u0259 bil\u0259n x\u0259st\u0259likl\u0259rl\u0259 yana\u015f\u0131 infeksiyalar, bakteriya v\u0259 viruslar da yoxlan\u0131l\u0131r. Bel\u0259likl\u0259, qida il\u0259 ke\u00e7\u0259 bil\u0259n x\u0259st\u0259likl\u0259r\u0259 davaml\u0131 olaraq n\u0259zar\u0259t etm\u0259k m\u00fcmk\u00fcnd\u00fcr.<\/p>\n<p><span style=\"color: #000000;\"><strong>DA\u015eIYICI M\u00dcAY\u0130N\u018fS\u0130<\/strong><\/span><\/p>\n<p>\u018fks\u0259r Beyn\u0259lxalq Protokollara g\u00f6r\u0259, da\u015f\u0131y\u0131c\u0131lar\u0131n m\u00fcayin\u0259sind\u0259 a\u015fa\u011f\u0131dak\u0131 laborator analizl\u0259r m\u00fct\u0259madi olaraq apar\u0131lmal\u0131d\u0131r:<\/p>\n<p style=\"text-align: left;\"><span style=\"color: #000000;\"><strong>N\u0259cis kultivasiyas\u0131<\/strong><\/span> (Salmonella v\u0259 Shigella cinsli ishal tor\u0259d\u0259n\u00a0 \u00a0 \u00a0 \u00a0 bakteriyalar\u0131n t\u0259yini, \u0259n az\u0131 ild\u0259 bir d\u0259f\u0259);<\/p>\n<p style=\"text-align: left;\"><span style=\"color: #000000;\"><strong>N\u0259cisin mikroskopik m\u00fcayin\u0259si<\/strong> <\/span>(Entamoeba histolytica, Giardia lamblia cinsli ishala v\u0259 qastroenteroloji probleml\u0259r\u0259 s\u0259b\u0259b ola bil\u0259n protozoalar\u0131n (ibtidail\u0259r, parazitl\u0259r) sistalar\u0131n\u0131n v\u0259 helmintl\u0259rin (qurdlar) yumurtalar\u0131n\u0131n t\u0259yini, \u0259n az alt\u0131 ayda bir d\u0259f\u0259); Bo\u011faz v\u0259 burundan al\u0131nm\u0131\u015f material\u0131n kultivasiyas\u0131 (Staphylococcus aureus bakteriyalar\u0131n\u0131n t\u0259yini, \u0259n az ild\u0259 bir d\u0259f\u0259);<\/p>\n<p>Laboratoriyamizda da\u015f\u0131y\u0131c\u0131 m\u00fcayin\u0259si \u00fc\u00e7\u00fcn vacib hesab edil\u0259n mikrobioloji labarator analizl\u0259r ESCMID (The European Society of Clinical Microbiology and Infectious Diseases) standartlar\u0131na uy\u011fun olaraq h\u0259yata ke\u00e7irilir.[\/vc_column_text][\/vc_column][\/vc_row]<\/p>\n","protected":false},"excerpt":{"rendered":"<p>[vc_row][vc_column][vc_column_text]Da\u015f\u0131y\u0131c\u0131 m\u00fcayin\u0259si n\u0259dir, nec\u0259 apar\u0131l\u0131r?\u00a0 Da\u015f\u0131y\u0131c\u0131 m\u00fcayin\u0259si qida m\u00fc\u0259ssis\u0259l\u0259rind\u0259 \u00e7al\u0131\u015fan insanlar\u0131n x\u0259st\u0259lik da\u015f\u0131y\u0131b-da\u015f\u0131mad\u0131qlar\u0131n\u0131 test ed\u0259n m\u00fcayin\u0259 n\u00f6v\u00fcd\u00fcr. Y\u0259ni da\u015f\u0131y\u0131c\u0131 dedikd\u0259 qida vasit\u0259sil\u0259 yoluxa bil\u0259n h\u0259r hans\u0131 yoluxucu x\u0259st\u0259liyin t\u00f6r\u0259dicisini \u00f6z orqanizmind\u0259 da\u015f\u0131yan, ancaq bu x\u0259st\u0259liyin simptomlar\u0131 olmayan \u015f\u0259xsl\u0259r n\u0259z\u0259rd\u0259 tutulur. Bu yolla qida istehsal sah\u0259l\u0259rini x\u0259st\u0259likl\u0259rd\u0259n uzaq tutmaq h\u0259d\u0259fl\u0259nir. Da\u015f\u0131y\u0131c\u0131 m\u00fcayin\u0259si n\u0259dir?\u00a0 Da\u015f\u0131y\u0131c\u0131 m\u00fcayin\u0259si qida [&hellip;]<\/p>\n","protected":false},"author":1,"featured_media":0,"parent":0,"menu_order":0,"comment_status":"closed","ping_status":"closed","template":"","meta":{"_acf_changed":false,"footnotes":""},"class_list":["post-15677","page","type-page","status-publish","hentry"],"acf":[],"_links":{"self":[{"href":"https:\/\/incilab.az\/en\/wp-json\/wp\/v2\/pages\/15677","targetHints":{"allow":["GET"]}}],"collection":[{"href":"https:\/\/incilab.az\/en\/wp-json\/wp\/v2\/pages"}],"about":[{"href":"https:\/\/incilab.az\/en\/wp-json\/wp\/v2\/types\/page"}],"author":[{"embeddable":true,"href":"https:\/\/incilab.az\/en\/wp-json\/wp\/v2\/users\/1"}],"replies":[{"embeddable":true,"href":"https:\/\/incilab.az\/en\/wp-json\/wp\/v2\/comments?post=15677"}],"version-history":[{"count":2,"href":"https:\/\/incilab.az\/en\/wp-json\/wp\/v2\/pages\/15677\/revisions"}],"predecessor-version":[{"id":15868,"href":"https:\/\/incilab.az\/en\/wp-json\/wp\/v2\/pages\/15677\/revisions\/15868"}],"wp:attachment":[{"href":"https:\/\/incilab.az\/en\/wp-json\/wp\/v2\/media?parent=15677"}],"curies":[{"name":"wp","href":"https:\/\/api.w.org\/{rel}","templated":true}]}}