{"id":15681,"date":"2021-12-10T13:44:28","date_gmt":"2021-12-10T13:44:28","guid":{"rendered":"https:\/\/incilab.az\/check-up-paketl%c9%99rimiz\/"},"modified":"2023-09-14T08:37:19","modified_gmt":"2023-09-14T08:37:19","slug":"check-up-our-packages","status":"publish","type":"page","link":"https:\/\/incilab.az\/en\/check-up-our-packages\/","title":{"rendered":"Check-Up- Our packages"},"content":{"rendered":"<p>[vc_row][vc_column]<div  class=\"themesion-element themesion-element-static_box thsn-element-static_box-style-1 themesion-element-viewtype-row-column\" data-show=\"3\" data-columns=\"2\" data-loop=\"false\" data-autoplay=\"false\" data-center=\"false\" data-nav=\"false\" data-dots=\"false\" data-autoplayspeed=\"1000\" data-margin=\"\"><div class=\"themesion-element-inner\"><div class=\"thsn-element-posts-wrapper row multi-columns-row\"><div class=\"thsn-ele thsn-staticbox-ele col-md-6 \"><div class=\"row thsn-static-box thsn-static-box-style-1\">\r\n\t<div class=\"col-lg-6 col-md-6 thsn-contentbox\">\r\n\t    <img loading=\"lazy\" decoding=\"async\" class=\"thsn_vc_single_image-img \" src=\"https:\/\/incilab.az\/wp-content\/uploads\/2022\/04\/Untitled-1-400x300.jpg\" width=\"400\" height=\"300\" alt=\"Untitled-1\" title=\"Untitled-1\" \/>\t<\/div>\r\n\t<div class=\"col-lg-6 col-md-6 thsn-contentbox\">\r\n\t\t<div class=\"thsn-static-box-inner\">\r\n\t\t    <div class=\"themesion-box-title\"><h4>SAD\u018f CHECK-UP<\/h4><\/div>\t\t    \t\t    <a class=\"thsn-more-bt\" href=\"https:\/\/incilab.az\/sad%c9%99-check-up\/\" title=\"SAD\u018f CHECK UP\" target=\"\">\u018fTRAFLI<\/a>\t\t<\/div>\r\n\t<\/div>\r\n<\/div><\/div><div class=\"thsn-ele thsn-staticbox-ele col-md-6 \"><div class=\"row thsn-static-box thsn-static-box-style-1\">\r\n\t<div class=\"col-lg-6 col-md-6 thsn-contentbox\">\r\n\t    <img loading=\"lazy\" decoding=\"async\" class=\"thsn_vc_single_image-img \" src=\"https:\/\/incilab.az\/wp-content\/uploads\/2023\/01\/incilab-400x300.jpg\" width=\"400\" height=\"300\" alt=\"incilab\" title=\"incilab\" \/>\t<\/div>\r\n\t<div class=\"col-lg-6 col-md-6 thsn-contentbox\">\r\n\t\t<div class=\"thsn-static-box-inner\">\r\n\t\t    <div class=\"themesion-box-title\"><h4>PED\u0130ATR\u0130K CHECK-UP<\/h4><\/div>\t\t    \t\t    <a class=\"thsn-more-bt\" href=\"https:\/\/incilab.az\/pediatrik-check-up-paketl%c9%99ri\/\" title=\"Pediatrik Check Up paketl\u0259ri\" target=\"\">\u018fTRAFLI<\/a>\t\t<\/div>\r\n\t<\/div>\r\n<\/div><\/div><div class=\"thsn-ele thsn-staticbox-ele col-md-6 \"><div class=\"row thsn-static-box thsn-static-box-style-1\">\r\n\t<div class=\"col-lg-6 col-md-6 thsn-contentbox\">\r\n\t    <img loading=\"lazy\" decoding=\"async\" class=\"thsn_vc_single_image-img \" src=\"https:\/\/incilab.az\/wp-content\/uploads\/2022\/04\/1-1-400x300.jpg\" width=\"400\" height=\"300\" alt=\"1\" title=\"1\" \/>\t<\/div>\r\n\t<div class=\"col-lg-6 col-md-6 thsn-contentbox\">\r\n\t\t<div class=\"thsn-static-box-inner\">\r\n\t\t    <div class=\"themesion-box-title\"><h4>\u00dcMUM\u0130 CHECK-UP<\/h4><\/div>\t\t    \t\t    <a class=\"thsn-more-bt\" href=\"https:\/\/incilab.az\/umumi-check-up\/\" title=\"\u00dcmumi Check Up\" target=\"\">\u018fTRAFLI<\/a>\t\t<\/div>\r\n\t<\/div>\r\n<\/div><\/div><div class=\"thsn-ele thsn-staticbox-ele col-md-6 \"><div class=\"row thsn-static-box thsn-static-box-style-1\">\r\n\t<div class=\"col-lg-6 col-md-6 thsn-contentbox\">\r\n\t    <img loading=\"lazy\" decoding=\"async\" class=\"thsn_vc_single_image-img \" src=\"https:\/\/incilab.az\/wp-content\/uploads\/2022\/04\/2-1-400x300.jpg\" width=\"400\" height=\"300\" alt=\"2\" title=\"2\" \/>\t<\/div>\r\n\t<div class=\"col-lg-6 col-md-6 thsn-contentbox\">\r\n\t\t<div class=\"thsn-static-box-inner\">\r\n\t\t    <div class=\"themesion-box-title\"><h4>TERAPEVT\u0130K CHECK-UP<\/h4><\/div>\t\t    \t\t    <a class=\"thsn-more-bt\" href=\"https:\/\/incilab.az\/terapevtik-check-up-paketi\/\" title=\"Terapevtik Check Up paketi\" target=\"\">\u018fTRAFLI<\/a>\t\t<\/div>\r\n\t<\/div>\r\n<\/div><\/div><div class=\"thsn-ele thsn-staticbox-ele col-md-6 \"><div class=\"row thsn-static-box thsn-static-box-style-1\">\r\n\t<div class=\"col-lg-6 col-md-6 thsn-contentbox\">\r\n\t    <img loading=\"lazy\" decoding=\"async\" class=\"thsn_vc_single_image-img \" src=\"https:\/\/incilab.az\/wp-content\/uploads\/2022\/04\/3-1-400x300.jpg\" width=\"400\" height=\"300\" alt=\"3\" title=\"3\" \/>\t<\/div>\r\n\t<div class=\"col-lg-6 col-md-6 thsn-contentbox\">\r\n\t\t<div class=\"thsn-static-box-inner\">\r\n\t\t    <div class=\"themesion-box-title\"><h4>KARD\u0130OLOJ\u0130 CHECK-UP<\/h4><\/div>\t\t    \t\t    <a class=\"thsn-more-bt\" href=\"https:\/\/incilab.az\/kardioloji-check-up\/\" title=\"KARD\u0130OLOJ\u0130 CHECK-UP\" target=\"\">\u018fTRAFLI<\/a>\t\t<\/div>\r\n\t<\/div>\r\n<\/div><\/div><div class=\"thsn-ele thsn-staticbox-ele col-md-6 \"><div class=\"row thsn-static-box thsn-static-box-style-1\">\r\n\t<div class=\"col-lg-6 col-md-6 thsn-contentbox\">\r\n\t    <img loading=\"lazy\" decoding=\"async\" class=\"thsn_vc_single_image-img \" src=\"https:\/\/incilab.az\/wp-content\/uploads\/2022\/06\/qadinlar-ucun--400x300.jpg\" width=\"400\" height=\"300\" alt=\"qadinlar ucun\" title=\"qadinlar ucun\" \/>\t<\/div>\r\n\t<div class=\"col-lg-6 col-md-6 thsn-contentbox\">\r\n\t\t<div class=\"thsn-static-box-inner\">\r\n\t\t    <div class=\"themesion-box-title\"><h4>QADINLAR \u00dc\u00c7\u00dcN CHECK-UP<\/h4><\/div>\t\t    \t\t    <a class=\"thsn-more-bt\" href=\"https:\/\/incilab.az\/qadinlar-ucun-check-up\/\" title=\"COVID-19\" target=\"\">\u018fTRAFLI<\/a>\t\t<\/div>\r\n\t<\/div>\r\n<\/div><\/div><div class=\"thsn-ele thsn-staticbox-ele col-md-6 \"><div class=\"row thsn-static-box thsn-static-box-style-1\">\r\n\t<div class=\"col-lg-6 col-md-6 thsn-contentbox\">\r\n\t    <img loading=\"lazy\" decoding=\"async\" class=\"thsn_vc_single_image-img \" src=\"https:\/\/incilab.az\/wp-content\/uploads\/2022\/04\/5-400x300.jpg\" width=\"400\" height=\"300\" alt=\"5\" title=\"5\" \/>\t<\/div>\r\n\t<div class=\"col-lg-6 col-md-6 thsn-contentbox\">\r\n\t\t<div class=\"thsn-static-box-inner\">\r\n\t\t    <div class=\"themesion-box-title\"><h4>K\u0130\u015e\u0130L\u018fR \u00dc\u00c7\u00dcN CHECK-UP<\/h4><\/div>\t\t    \t\t    <a class=\"thsn-more-bt\" href=\"https:\/\/incilab.az\/kisl%c9%99r-ucun-check-up\/\" title=\"COVID-19\" target=\"\">\u018fTRAFLI<\/a>\t\t<\/div>\r\n\t<\/div>\r\n<\/div><\/div><div class=\"thsn-ele thsn-staticbox-ele col-md-6 \"><div class=\"row thsn-static-box thsn-static-box-style-1\">\r\n\t<div class=\"col-lg-6 col-md-6 thsn-contentbox\">\r\n\t    <img loading=\"lazy\" decoding=\"async\" class=\"thsn_vc_single_image-img \" src=\"https:\/\/incilab.az\/wp-content\/uploads\/2022\/04\/6-400x300.jpg\" width=\"400\" height=\"300\" alt=\"6\" title=\"6\" \/>\t<\/div>\r\n\t<div class=\"col-lg-6 col-md-6 thsn-contentbox\">\r\n\t\t<div class=\"thsn-static-box-inner\">\r\n\t\t    <div class=\"themesion-box-title\"><h4>S\u00dcD V\u018fZ\u0130 SA\u011eLAMLI\u011eI CHECK-UP<\/h4><\/div>\t\t    \t\t    <a class=\"thsn-more-bt\" href=\"https:\/\/incilab.az\/sud-v%c9%99zi-saglamligi-check-up\/\" title=\"COVID-19\" target=\"\">\u018fTRAFLI<\/a>\t\t<\/div>\r\n\t<\/div>\r\n<\/div><\/div><div class=\"thsn-ele thsn-staticbox-ele col-md-6 \"><div class=\"row thsn-static-box thsn-static-box-style-1\">\r\n\t<div class=\"col-lg-6 col-md-6 thsn-contentbox\">\r\n\t    <img loading=\"lazy\" decoding=\"async\" class=\"thsn_vc_single_image-img \" src=\"https:\/\/incilab.az\/wp-content\/uploads\/2022\/04\/7-400x300.jpg\" width=\"400\" height=\"300\" alt=\"7\" title=\"7\" \/>\t<\/div>\r\n\t<div class=\"col-lg-6 col-md-6 thsn-contentbox\">\r\n\t\t<div class=\"thsn-static-box-inner\">\r\n\t\t    <div class=\"themesion-box-title\"><h4>ONKOLOJ\u0130 CHECK-UP<\/h4><\/div>\t\t    \t\t    <a class=\"thsn-more-bt\" href=\"https:\/\/incilab.az\/onkoloji-check-up\/\" title=\"Onkoloji Check Up\" target=\"\">\u018fTRAFLI<\/a>\t\t<\/div>\r\n\t<\/div>\r\n<\/div><\/div><div class=\"thsn-ele thsn-staticbox-ele col-md-6 \"><div class=\"row thsn-static-box thsn-static-box-style-1\">\r\n\t<div class=\"col-lg-6 col-md-6 thsn-contentbox\">\r\n\t    <img loading=\"lazy\" decoding=\"async\" class=\"thsn_vc_single_image-img \" src=\"https:\/\/incilab.az\/wp-content\/uploads\/2022\/04\/8-400x300.jpg\" width=\"400\" height=\"300\" alt=\"8\" title=\"8\" \/>\t<\/div>\r\n\t<div class=\"col-lg-6 col-md-6 thsn-contentbox\">\r\n\t\t<div class=\"thsn-static-box-inner\">\r\n\t\t    <div class=\"themesion-box-title\"><h4>COVID-19 PAKET\u0130<\/h4><\/div>\t\t    \t\t    <a class=\"thsn-more-bt\" href=\"https:\/\/incilab.az\/covid-19-paketi\/\" title=\"COVID-19 PAKET\u0130\" target=\"\">\u018fTRAFLI<\/a>\t\t<\/div>\r\n\t<\/div>\r\n<\/div><\/div><\/div><!-- .row multi-columns-row themesion-boxes-row-wrapper -->  <\/div><!-- .themesion-element-inner -->   <\/div><!-- .themesion-element -->  [\/vc_column][\/vc_row]<\/p>\n","protected":false},"excerpt":{"rendered":"<p>[vc_row][vc_column][\/vc_column][\/vc_row]<\/p>\n","protected":false},"author":1,"featured_media":0,"parent":0,"menu_order":0,"comment_status":"closed","ping_status":"closed","template":"","meta":{"_acf_changed":false,"footnotes":""},"class_list":["post-15681","page","type-page","status-publish","hentry"],"acf":[],"_links":{"self":[{"href":"https:\/\/incilab.az\/en\/wp-json\/wp\/v2\/pages\/15681","targetHints":{"allow":["GET"]}}],"collection":[{"href":"https:\/\/incilab.az\/en\/wp-json\/wp\/v2\/pages"}],"about":[{"href":"https:\/\/incilab.az\/en\/wp-json\/wp\/v2\/types\/page"}],"author":[{"embeddable":true,"href":"https:\/\/incilab.az\/en\/wp-json\/wp\/v2\/users\/1"}],"replies":[{"embeddable":true,"href":"https:\/\/incilab.az\/en\/wp-json\/wp\/v2\/comments?post=15681"}],"version-history":[{"count":2,"href":"https:\/\/incilab.az\/en\/wp-json\/wp\/v2\/pages\/15681\/revisions"}],"predecessor-version":[{"id":15870,"href":"https:\/\/incilab.az\/en\/wp-json\/wp\/v2\/pages\/15681\/revisions\/15870"}],"wp:attachment":[{"href":"https:\/\/incilab.az\/en\/wp-json\/wp\/v2\/media?parent=15681"}],"curies":[{"name":"wp","href":"https:\/\/api.w.org\/{rel}","templated":true}]}}