{"id":15683,"date":"2021-12-01T15:08:17","date_gmt":"2021-12-01T15:08:17","guid":{"rendered":"https:\/\/incilab.az\/n%c9%99-zaman-muraci%c9%99t-etm%c9%99lisiniz\/"},"modified":"2023-09-14T08:38:24","modified_gmt":"2023-09-14T08:38:24","slug":"when-should-you-apply","status":"publish","type":"page","link":"https:\/\/incilab.az\/en\/when-should-you-apply\/","title":{"rendered":"When should you apply?"},"content":{"rendered":"<p>[vc_row][vc_column]<div class=\"bwl_acc_container\" id=\"accordion_2714362097\" data-search=\"\" data-placeholder=\"Search .....\" data-theme=\"theme-blue\" data-title_bg=\"#2C2C2C\" data-title_text_color=\"#FFFFFF\" data-nav_box_bg=\"#B8B831\" data-title_active_bg=\"#414141\" data-title_active_text_color=\"#F0F0F0\" data-nav_active_box_bg=\"#D0D051\" data-animate=\"none\" data-rtl=\"\" data-msg_item_found=\" Item(s) Found !\" data-msg_no_result=\"Nothing Found !\" data-ctrl_btn=\"true\" data-toggle=\"\" data-closeall=\"1\" data-item_opened=\"0\" data-nav_box=\"arrow\" data-nav_icon=\"angle_chevron\" data-highlight_bg=\"#FFFF80\" data-highlight_color=\"#000000\" data-content_bg=\"\" data-content_text_color=\"\" data-content_link_color=\"\" data-content_link_hover_color=\"\"  data-pagination=\"\" data-limit=\"5\" data-nav_right=\"\" data-suggestion_box=\"\" data-sbox_title=\"Your KeyWords: \" data-sbox_keywords=\"faq, offer, exclusive, free, get\" data-query_string=\"0\"><section>\r\n                                        <h2 class=\"acc_title_bar\"><a href=\"#\"  style=\"font-size: 15px; !important\">STRESS ANAL\u0130Z\u0130<\/a><\/h2>\r\n                                        <div class=\"acc_container\" style=\"\">\r\n                                            <div class=\"block\">\r\n                                                <\/p>\n<ul>\n<li><span style=\"color: #000000;\">Normal (7-8 saat) yuxudan sonra da \u00f6z\u00fcn\u00fcz\u00fc h\u0259ddind\u0259n art\u0131q yor\u011fun hiss edirsinizmi?<\/span><\/li>\n<li><span style=\"color: #000000;\">G\u00fcn \u0259rzind\u0259 \u00f6z\u00fcn\u00fcz\u00fc hals\u0131z, yuxulu, g\u00fcnortadan sonra is\u0259 enerjisiz hiss edirsinizmi?<\/span><\/li>\n<li><span style=\"color: #000000;\">Sizc\u0259 ya\u015f\u0131n\u0131z artd\u0131qca daha narahat v\u0259 \u0259s\u0259bi insana \u00e7evrilirsiniz?<\/span><\/li>\n<li><span style=\"color: #000000;\">Qar\u0131n nahiy\u0259sind\u0259 piyl\u0259nm\u0259 g\u00f6r\u00fcnt\u00fcs\u00fc varm\u0131?<\/span><\/li>\n<li><span style=\"color: #000000;\">Tez-tez soyuqd\u0259ym\u0259 hallar\u0131 v\u0259 x\u0259st\u0259likl\u0259r\u0259 yoluxmaqdan \u015fikay\u0259t\u00e7isinizmi?<\/span><\/li>\n<li><span style=\"color: #000000;\">Y\u00fcks\u0259k v\u0259 ya a\u015fa\u011f\u0131 t\u0259zyiq probleminiz varm\u0131?<\/span><\/li>\n<li><span style=\"color: #000000;\">Dilinizin ucunda q\u0131rm\u0131z\u0131mt\u0131l r\u0259ng v\u0259 ya ortas\u0131nda \u00e7at izl\u0259ri varm\u0131?<\/span><\/li>\n<li><span style=\"color: #000000;\">Duzlu yem\u0259y\u0259 meyllisinizmi?<\/span><\/li>\n<li><span style=\"color: #000000;\">G\u00fcn\u0259 davam ed\u0259 bilm\u0259k \u00fc\u00e7\u00fcn tez-tez kafein, spirtli i\u00e7ki v\u0259 ya nikotind\u0259n istifad\u0259 edirsinizmi?<\/span><\/li>\n<\/ul>\n<p>\n\r\n                                            <\/div>\r\n                                        <\/div>\r\n                                    <\/section><section>\r\n                                        <h2 class=\"acc_title_bar\"><a href=\"#\"  style=\"font-size: 15px; !important\">QAN \u015e\u018fK\u018fR\u0130N\u0130Z\u0130N TARAZLI\u011eINI D\u018fY\u018fRL\u018fND\u0130R\u0130N<\/a><\/h2>\r\n                                        <div class=\"acc_container\" style=\"\">\r\n                                            <div class=\"block\">\r\n                                                <\/p>\n<ul>\n<li>S\u0259h\u0259rl\u0259r oyanmaq v\u0259 yola \u00e7\u0131xmaq siz\u0259 \u00e7\u0259tin g\u0259lirmi?<\/li>\n<li>Tez-tez yem\u0259k yem\u0259s\u0259niz titr\u0259m\u0259, ba\u015fgic\u0259ll\u0259nm\u0259si v\u0259 \u0259s\u0259bilik hiss edirsinizmi?<\/li>\n<li>H\u0259ddind\u0259n art\u0131q susamaqdan \u015fikay\u0259tiniz varm\u0131?<\/li>\n<li>G\u00fcn \u0259rzind\u0259 \u00f6z\u00fcn\u00fczd\u0259 enerji azl\u0131\u011f\u0131 hiss edirsinizmi?<\/li>\n<li>Gec\u0259 v\u0259 ya s\u0259h\u0259r erk\u0259n saatlarda tez-tez oyan\u0131rs\u0131n\u0131zm\u0131?<\/li>\n<li>\u00d6z\u00fcn\u00fcz\u00fc enerjili hiss etm\u0259k \u00fc\u00e7\u00fcn \u00e7ay, q\u0259hv\u0259, s\u0259rinl\u0259\u015fdirici i\u00e7kil\u0259r v\u0259 \u015f\u0259k\u0259rli qidalara ehtiyac duyursunuzmu?<\/li>\n<li>Tez-tez sidiy\u0259 \u00e7\u0131x\u0131rs\u0131n\u0131zm\u0131?<\/li>\n<li>\u00dcr\u0259yiniz tez-tez \u015f\u0259k\u0259r v\u0259 ya \u015firin \u015feyl\u0259r ist\u0259yirmi?<\/li>\n<li>X\u00fcsusil\u0259 qal\u00e7a v\u0259 qar\u0131n \u0259traf\u0131 nahiy\u0259nizd\u0259 art\u0131q \u00e7\u0259ki probleminiz varm\u0131?<\/li>\n<li>\u0130dman zaman\u0131 \u00f6z\u00fcn\u00fcz\u00fc bitkin, yaxud h\u0259v\u0259ssiz hiss edirsinizmi?<\/li>\n<\/ul>\n<p>\n\r\n                                            <\/div>\r\n                                        <\/div>\r\n                                    <\/section><section>\r\n                                        <h2 class=\"acc_title_bar\"><a href=\"#\"  style=\"font-size: 15px; !important\">DETOKS EHT\u0130YACINIZI D\u018fY\u018fRL\u018fND\u0130R\u0130N<\/a><\/h2>\r\n                                        <div class=\"acc_container\" style=\"\">\r\n                                            <div class=\"block\">\r\n                                                <\/p>\n<ul>\n<li>Tez-tez tutan ba\u015f a\u011fr\u0131s\u0131ndan \u015fikay\u0259tiniz varm\u0131?<\/li>\n<li>D\u0259riniz \u00e7ox ya\u011flan\u0131r?<\/li>\n<li>Akne, qa\u015f\u0131nt\u0131, d\u0259ri s\u0259pkil\u0259ri v\u0259 ya ekzema kimi probleml\u0259riniz varm\u0131?<\/li>\n<li>H\u0259zm \u00e7\u0259tinliyi, g\u0259yirm\u0259, pis qoxulu qaz\u00e7\u0131xarma v\u0259 b\u0259d\u0259n qoxular\u0131 probleml\u0259ri ya\u015fay\u0131rs\u0131n\u0131zmi?<\/li>\n<li>Dilinizd\u0259 bozumtul-a\u011f v\u0259 ya sar\u0131 \u0259rp, \u015fi\u015fkinlik varm\u0131?<\/li>\n<li>Funksional ba\u011f\u0131rsaq poz\u011funlu\u011fu, q\u0259bizlik, ishal, \u00f6d da\u015f\u0131, ayba\u015f\u0131dan \u00f6nc\u0259 g\u0259rginlik v\u0259 ya \u015fi\u015fkinlikd\u0259n \u015fikay\u0259t\u00e7isinizmi?<\/li>\n<li>H\u0259r hans\u0131 bir allergiya v\u0259 ya qida h\u0259ssasl\u0131\u011f\u0131n\u0131z, bo\u011faz ya da burun ifrazat\u0131n\u0131z varm\u0131?<\/li>\n<li>A\u011fz\u0131n\u0131zda ac\u0131l\u0131q v\u0259 ya x\u00fcsusil\u0259 s\u0259h\u0259rl\u0259r qeyriadi dad hissi olurmu?<\/li>\n<li>Tez-tez spirtli, qazl\u0131 i\u00e7kil\u0259r, kola, q\u0259hv\u0259, siqaret v\u0259 ya d\u0259rmandan istifad\u0259 edirsinizmi?<\/li>\n<li>Qida rasionunuz \u015f\u0259k\u0259r, rafin\u0259 olunmu\u015f karbohidrat v\u0259 emal qidalar bax\u0131m\u0131ndan z\u0259ngindirmi?<\/li>\n<li>\u018fks\u0259r\u0259n saat 23:00-dan sonra daha gecmi yat\u0131rs\u0131n\u0131z?<\/li>\n<\/ul>\n<p>\n\r\n                                            <\/div>\r\n                                        <\/div>\r\n                                    <\/section><section>\r\n                                        <h2 class=\"acc_title_bar\"><a href=\"#\"  style=\"font-size: 15px; !important\">H\u018fZM PROBLEML\u018fR\u0130N\u0130Z\u0130 Q\u0130YM\u018fTL\u018fND\u0130R\u0130N<\/a><\/h2>\r\n                                        <div class=\"acc_container\" style=\"\">\r\n                                            <div class=\"block\">\r\n                                                <\/p>\n<ul>\n<li>Tez-tez k\u00f6p v\u0259 ya qaz \u0259m\u0259l\u0259 g\u0259lm\u0259sind\u0259n \u015fikay\u0259t\u00e7isinizmi?<\/li>\n<li>\u0130shal, q\u0259bizlik v\u0259 ya funksional ba\u011f\u0131rsaq poz\u011funlu\u011funun \u0259lam\u0259tl\u0259ri, yaxud nizams\u0131z ba\u011f\u0131rsaq h\u0259r\u0259k\u0259tl\u0259ri probleminiz varm\u0131?<\/li>\n<li>(\u018fks\u0259r hallarda g\u00fcnd\u0259 bir v\u0259 ya iki d\u0259f\u0259 bay\u0131ra \u00e7\u0131xmaq normal hesab edilir).<\/li>\n<li>H\u0259zmin \u00e7\u0259tinl\u0259\u015fm\u0259si v\u0259 ya sin\u0259d\u0259 yan\u011f\u0131 hissin\u0259 s\u0259b\u0259b olan refl\u00fcks \u015fikay\u0259tiniz varm\u0131?<\/li>\n<li>Dilinizin \u00fcz\u0259rind\u0259 sar\u0131, bozumtul-a\u011f g\u00f6r\u00fcnt\u00fc, orta x\u0259td\u0259 cizgil\u0259r, \u0259traf\u0131nda v\u0259 k\u0259narlar\u0131nda is\u0259 di\u015fl\u0259rl\u0259 \u0259laq\u0259li \u00e7atlar varm\u0131?<\/li>\n<li>A\u011f\u0131z qoxusundan \u015fikay\u0259t\u00e7isinizmi?<\/li>\n<li>Yem\u0259k yedikd\u0259n sonra uzun m\u00fcdd\u0259t m\u0259d\u0259nizd\u0259 a\u011f\u0131rl\u0131q hiss edirsinizmi?<\/li>\n<li>N\u0259cisinizd\u0259 a\u015fa\u011f\u0131dak\u0131 \u0259lam\u0259tl\u0259rd\u0259n h\u0259r hans\u0131 biri m\u00fc\u015fahid\u0259 olunurmu?<\/li>\n<li>K\u0259skin qoxulu, ya\u011fl\u0131 g\u00f6r\u00fcn\u00fc\u015f<\/li>\n<li>Qoyun q\u0131\u011fna b\u0259nz\u0259r, da\u015f v\u0259 ya \u00e7\u0131nq\u0131l g\u00f6r\u00fcn\u00fc\u015fl\u00fc olmas\u0131<\/li>\n<li>Tualetd\u0259 \u00e7ox iz buraxan, yap\u0131\u015fqan, inc\u0259 v\u0259 x\u0259tli g\u00f6r\u00fcn\u00fc\u015f<\/li>\n<li>\u018fks\u0259r hallarda t\u0259bii un \u0259v\u0259zin\u0259 daha \u00e7ox a\u011f z\u0259rif karbohidratlardanm\u0131 istifad\u0259 edirsiniz?<\/li>\n<li>Meyv\u0259 v\u0259 t\u0259r\u0259v\u0259zl\u0259r g\u00fcnl\u00fck rasionunuzda 5 porsiyadan azd\u0131rm\u0131?<\/li>\n<li>Son zamanlar antibiotik v\u0259 ya h\u0259r hans\u0131 bir d\u0259rman q\u0259bul etmisinizmi?<\/li>\n<\/ul>\n<p>\n\r\n                                            <\/div>\r\n                                        <\/div>\r\n                                    <\/section><section>\r\n                                        <h2 class=\"acc_title_bar\"><a href=\"#\"  style=\"font-size: 15px; !important\">\u00dcR\u018fK-DAMAR S\u0130STEM\u0130N\u0130Z\u0130 D\u018fY\u018fRL\u018fND\u0130R\u0130N<\/a><\/h2>\r\n                                        <div class=\"acc_container\" style=\"\">\r\n                                            <div class=\"block\">\r\n                                                <\/p>\n<ul>\n<li>Tez-tez spirtli, kafeinli i\u00e7kil\u0259r i\u00e7ir v\u0259 siqaret \u00e7\u0259kirsinizmi?<\/li>\n<li>Rasionunuzda daim \u015f\u0259k\u0259r v\u0259 rafin\u0259 olunmu\u015f karbohidrat (a\u011f \u00e7\u00f6r\u0259k, \u015firniyyat v\u0259 s.) yer al\u0131rm\u0131?<\/li>\n<li>Yem\u0259kl\u0259riniz\u0259 h\u0259r zaman duz \u0259lav\u0259 edirsinizmi?<\/li>\n<li>Haz\u0131r v\u0259 ya konservl\u0259\u015fdirilmi\u015f qidalardan tez-tez istifad\u0259 edirsinizmi?<\/li>\n<li>Rasionunuzda doymu\u015f (qat\u0131) ya\u011f, ya\u011fl\u0131l\u0131\u011f\u0131 y\u00fcks\u0259k s\u00fcd m\u0259hsullar\u0131, i\u015fl\u0259nmi\u015f qidalar v\u0259 ya\u011fl\u0131 \u0259t m\u0259hsullar\u0131 \u00fcst\u00fcnl\u00fck t\u0259\u015fkil edirmi?<\/li>\n<li>H\u0259yat t\u0259rzinizd\u0259 \u00e7ox az idman, h\u0259ddind\u0259n art\u0131q h\u0259r\u0259k\u0259tsizlik varm\u0131?<\/li>\n<li>Y\u00fcng\u00fcl idman h\u0259r\u0259k\u0259tind\u0259 bel\u0259 n\u0259f\u0259s darl\u0131\u011f\u0131 hiss edirsinizmi?<\/li>\n<li>Stress v\u0259 ya qorxudan \u015fikay\u0259t\u00e7isinizmi?<\/li>\n<li>\u018fvv\u0259ll\u0259r sizd\u0259 t\u0259zyiqin, xolesterol s\u0259viyy\u0259sinin, triqliseridl\u0259rin, homosisteinin y\u00fcks\u0259kliyi v\u0259 ya ateroskleroz kimi \u00fcr\u0259k-damar x\u0259st\u0259liyinin riskl\u0259ri a\u015fkar\u00a0edilmi\u015fdirmi?<\/li>\n<li>\u018fl v\u0259 ayaqlar\u0131n\u0131z\u0131n soyumas\u0131, q\u0131colmalar, g\u00f6y\u0259rm\u0259 v\u0259\u00a0ya varikoz kimi damar probleml\u0259riniz varm\u0131?<\/li>\n<li>H\u0259ddind\u0259n art\u0131q \u00e7\u0259ki, yaxud bel \u0259traf\u0131nda piyl\u0259nm\u0259 probleminiz varm\u0131?<\/li>\n<\/ul>\n<p>\n\r\n                                            <\/div>\r\n                                        <\/div>\r\n                                    <\/section><section>\r\n                                        <h2 class=\"acc_title_bar\"><a href=\"#\"  style=\"font-size: 15px; !important\">Q\u0130DA H\u018fSSASLI\u011eINIZI D\u018fY\u018fRL\u018fND\u0130R\u0130N<\/a><\/h2>\r\n                                        <div class=\"acc_container\" style=\"\">\r\n                                            <div class=\"block\">\r\n                                                <\/p>\n<ul>\n<li>\u00c7\u0259m\u0259n poleni, toz, t\u00fck v\u0259 ya m\u00fc\u0259yy\u0259n bir qidaya qar\u015f\u0131 allergiyan\u0131z varm\u0131?<\/li>\n<li>Tez-tez k\u00f6p v\u0259 ya qaz problemi ya\u015fay\u0131rs\u0131n\u0131zm\u0131?<\/li>\n<li>Q\u0259bizlik, yaxud ishal kimi h\u0259zm probleml\u0259riniz varm\u0131?<\/li>\n<li>M\u00fc\u0259yy\u0259n qidalar\u0131n q\u0259bulundan sonra yuxululuq hiss edirsinizmi?<\/li>\n<li>Ba\u015f a\u011fr\u0131s\u0131, miqren, oynaq a\u011fr\u0131lar\u0131 v\u0259 ya \u0259l-ayaq barmaqlar\u0131n\u0131zda \u015fi\u015fkinlikd\u0259n \u015fikay\u0259t\u00e7isinizmi?<\/li>\n<li>\u00dcr\u0259yinizin \u00e7ox ist\u0259diyi v\u0259 ya davaml\u0131 yem\u0259s\u0259m olmaz dediyiniz h\u0259r hans\u0131 bir yem\u0259k varm\u0131?<\/li>\n<li>Yem\u0259kd\u0259n sonra \u00fcr\u0259k d\u00f6y\u00fcnt\u00fc, dil v\u0259 ya a\u011f\u0131zda xora, yaxud u\u00e7u\u011fun yaranmas\u0131 hal\u0131 il\u0259 qar\u015f\u0131la\u015fm\u0131s\u0131n\u0131zm\u0131?<\/li>\n<li>G\u00f6zl\u0259rinizin alt\u0131nda b\u0259n\u00f6v\u015f\u0259yi h\u0259lq\u0259l\u0259r olurmu?<\/li>\n<li>Qa\u015f\u0131nt\u0131 v\u0259 ya ekzema kimi d\u0259ri probleml\u0259riniz varm\u0131?<\/li>\n<li>Hiperaktivlik (h\u0259ddind\u0259n art\u0131q h\u0259r\u0259k\u0259tlilik) v\u0259 ya depressiyadan \u015fikay\u0259t\u00e7isinizmi?<\/li>\n<\/ul>\n<p>\n\r\n                                            <\/div>\r\n                                        <\/div>\r\n                                    <\/section><section>\r\n                                        <h2 class=\"acc_title_bar\"><a href=\"#\"  style=\"font-size: 15px; !important\">\u0130MMUN S\u0130STEM\u0130N\u0130Z\u0130 D\u018fY\u018fRL\u018fND\u0130R\u0130N<\/a><\/h2>\r\n                                        <div class=\"acc_container\" style=\"\">\r\n                                            <div class=\"block\">\r\n                                                <\/p>\n<ul>\n<li>Tez-tez soyuqlay\u0131r v\u0259 x\u0259st\u0259likl\u0259r\u0259 yoluxursunuzmu?<\/li>\n<li>Sizd\u0259 soyuqd\u0259ym\u0259 v\u0259 qrip kimi x\u0259st\u0259likl\u0259rin sa\u011falmas\u0131 uzun \u00e7\u0259kirmi?<\/li>\n<li>D\u0131rnaqlar\u0131n\u0131zda a\u011f l\u0259k\u0259l\u0259r, yaxud d\u0131rnaq dibi \u0259tl\u0259rd\u0259 q\u0131zart\u0131, \u00e7atlama varm\u0131?<\/li>\n<li>Qoltuqalt\u0131, qas\u0131q v\u0259 qulaqyan\u0131 limfa v\u0259zil\u0259rind\u0259 \u015fi\u015fkinlikd\u0259n \u015fikay\u0259t\u00e7isinizmi?<\/li>\n<li>Allergiya v\u0259 ya h\u0259ssasl\u0131qdan, d\u0259rid\u0259 s\u0259pkil\u0259rd\u0259n, d\u0259mrov kimi g\u00f6b\u0259l\u0259k infeksiyalar\u0131ndan \u015fikay\u0259t\u00e7isinizmi?<\/li>\n<li>Y\u00fcks\u0259k h\u0259rar\u0259tl\u0259 m\u00fc\u015fayi\u0259t olunan s\u0259pkil\u0259riniz olubmu?<\/li>\n<li>Tez-tez \u00e7iban v\u0259 ya itdirs\u0259yi \u015fikay\u0259tiniz olurmu?<\/li>\n<li>B\u0259d\u0259ninizin h\u0259r hans\u0131 bir nahiy\u0259sind\u0259 iltihab m\u00fc\u015fahid\u0259 etmisinizmi?<\/li>\n<li>Meyv\u0259 v\u0259 t\u0259r\u0259v\u0259zl\u0259r g\u00fcnl\u00fck rasionunuzda 5 porsiyadan azd\u0131rm\u0131?<\/li>\n<li>\u015e\u0259k\u0259r v\u0259 rafin\u0259 olunmu\u015f karbohidratlar\u0131 (a\u011f \u00e7\u00f6r\u0259k v\u0259 s.) davaml\u0131 yeyirsiniz?<\/li>\n<li>Tez-tez anitiobtik q\u0259bul edirsinizmi?<\/li>\n<li>\u018fvv\u0259ll\u0259r antibiotik v\u0259 ya immun stimulyator d\u0259rmanlar q\u0259bul etmisinizmi?<\/li>\n<\/ul>\n<p>\n\r\n                                            <\/div>\r\n                                        <\/div>\r\n                                    <\/section><section>\r\n                                        <h2 class=\"acc_title_bar\"><a href=\"#\"  style=\"font-size: 15px; !important\">QALXANAB\u018fNZ\u018fR V\u018fZ\u0130N\u0130Z\u0130N F\u018fAL\u0130YY\u018fT\u0130 Z\u018f\u0130FL\u018fY\u0130B? D\u018fY\u018fRL\u018fND\u0130R\u0130N<\/a><\/h2>\r\n                                        <div class=\"acc_container\" style=\"\">\r\n                                            <div class=\"block\">\r\n                                                <\/p>\n<ul>\n<li>Soyuq havada ba\u015fqalar\u0131 il\u0259 m\u00fcqayis\u0259d\u0259 siz daha \u00e7ox \u00fc\u015f\u00fcy\u00fcrs\u00fcn\u00fcz?<\/li>\n<li>Q\u0259bizlikd\u0259n \u015fikay\u0259tiniz varm\u0131?<\/li>\n<li>D\u0259riniz quruma\u011fa meyllidir?<\/li>\n<li>Sa\u00e7lar\u0131n\u0131zda nazikl\u0259\u015fm\u0259, z\u0259ifl\u0259m\u0259 v\u0259 qa\u015flar\u0131n\u0131z\u0131n k\u0259narlar\u0131nda seyr\u0259lm\u0259 m\u00fc\u015fahid\u0259 olunur?<\/li>\n<li>N\u0259bziniz d\u0259qiq\u0259d\u0259 60 d\u0259f\u0259d\u0259n az vurur?<\/li>\n<li>Oyand\u0131qdan bir m\u00fcdd\u0259t sonra yor\u011funluq hiss edirsinizmi?<\/li>\n<li>Asanl\u0131qla \u00e7\u0259ki alma v\u0259 \u00e7\u0259tin \u00e7\u0259ki verm\u0259 probleminiz varm\u0131?<\/li>\n<li>Zehni hals\u0131zl\u0131q hiss edirsinizmi?<\/li>\n<li>\u0130\u015ftah\u0131n\u0131z z\u0259ifdirmi?<\/li>\n<li>B\u0259d\u0259ninizd\u0259 keyl\u0259\u015fm\u0259 hiss edirsinizmi?<\/li>\n<\/ul>\n<p>\n\r\n                                            <\/div>\r\n                                        <\/div>\r\n                                    <\/section><section>\r\n                                        <h2 class=\"acc_title_bar\"><a href=\"#\"  style=\"font-size: 15px; !important\">QALXANAB\u018fNZ\u018fR V\u018fZ\u0130N\u0130Z\u0130N F\u018fAL\u0130YY\u018fT\u0130 G\u00dcCL\u018fN\u0130B? D\u018fY\u018fRL\u018fND\u0130R\u0130N<\/a><\/h2>\r\n                                        <div class=\"acc_container\" style=\"\">\r\n                                            <div class=\"block\">\r\n                                                <\/p>\n<ul>\n<li>Yuxusuzluq v\u0259 narahatl\u0131qdan \u015fikay\u0259t\u00e7isinizmi?<\/li>\n<li>\u00c7\u0259kinizi art\u0131rmaq \u00fc\u00e7\u00fcn \u00e7\u0259tinlik \u00e7\u0259kirsinizmi?<\/li>\n<li>Hiperaktivlik, y\u0259ni h\u0259ddind\u0259n art\u0131q h\u0259r\u0259k\u0259tlilik \u015fikay\u0259tiniz var?<\/li>\n<li>Ani v\u0259 ya \u015fidd\u0259tli emosional reaksiya verirsinizmi?<\/li>\n<li>\u0130\u015ftahan\u0131za hakim ola bilirsinizmi?<\/li>\n<li>\u018fsm\u0259 v\u0259 ya \u00fcr\u0259k d\u00f6y\u00fcnt\u00fcn\u00fcz olurmu?<\/li>\n<li>Fiziki h\u0259r\u0259k\u0259t v\u0259 ya idman etm\u0259diyiniz halda \u00e7ox t\u0259rl\u0259yir v\u0259 son d\u0259r\u0259c\u0259 susuzluq hiss edirsinizmi?<\/li>\n<\/ul>\n<p>\n\r\n                                            <\/div>\r\n                                        <\/div>\r\n                                    <\/section><section>\r\n                                        <h2 class=\"acc_title_bar\"><a href=\"#\"  style=\"font-size: 15px; !important\">ZEHN\u0130 V\u018f RUH\u0130 V\u018fZ\u0130YY\u018fT\u0130N\u0130Z\u0130 D\u018fY\u018fRL\u018fND\u0130R\u0130N<\/a><\/h2>\r\n                                        <div class=\"acc_container\" style=\"\">\r\n                                            <div class=\"block\">\r\n                                                <\/p>\n<ul>\n<li>Tez-tez, s\u0259b\u0259bsiz yer\u0259 \u00f6z\u00fcn\u00fcz\u00fc yor\u011fun v\u0259 ya depressiv hiss edirsinizmi?<\/li>\n<li>H\u0259yatda bir m\u0259qs\u0259dinizin olmad\u0131\u011f\u0131 hissin\u0259 qap\u0131l\u0131rs\u0131n\u0131zmi?<\/li>\n<li>Qay\u011f\u0131 v\u0259 ya panikaya d\u00fc\u015fm\u0259 \u015fikay\u0259tiniz varm\u0131?<\/li>\n<li>Yuxu probleml\u0259riniz var m\u0131?<\/li>\n<li>Tez-tez motivasiya \u00e7at\u0131\u015fmazl\u0131\u011f\u0131 hiss edirsinizmi?<\/li>\n<li>Ruh hal\u0131n\u0131z \u00e7oxmu r\u0259ngar\u0259ngdir?<\/li>\n<li>Ail\u0259nizd\u0259 depressiya v\u0259 ya ruhi sa\u011flaml\u0131q probleml\u0259ri varm\u0131, yaxud sizd\u0259 n\u0259 vaxtsa ruhi sa\u011flaml\u0131q problemi a\u015fkar olunubmu?<\/li>\n<li>Dilinizin \u00fcz\u0259rind\u0259 h\u0259r hans\u0131 bir k\u0259sik, cizgil\u0259r v\u0259 ya n\u00f6qt\u0259l\u0259r varm\u0131?<\/li>\n<li>Stresli v\u0259 ya narahat zamanlarda daha \u00e7ox v\u0259 ya daha az yem\u0259k x\u00fcsusiyy\u0259tiniz varm\u0131?<\/li>\n<li>\u00d6z\u00fcn\u00fcz\u00fc daha yax\u015f\u0131 hiss etm\u0259k \u00fc\u00e7\u00fcn spirtli i\u00e7ki, kafein, nikotin, yaxud d\u0259rman v\u0259 sair\u0259d\u0259n istifad\u0259 edirsinizmi?<\/li>\n<\/ul>\n<p>\n\r\n                                            <\/div>\r\n                                        <\/div>\r\n                                    <\/section><section>\r\n                                        <h2 class=\"acc_title_bar\"><a href=\"#\"  style=\"font-size: 15px; !important\">QADIN HORMONLARINIZI D\u018fY\u018fRL\u018fND\u0130R\u0130N<\/a><\/h2>\r\n                                        <div class=\"acc_container\" style=\"\">\r\n                                            <div class=\"block\">\r\n                                                <\/p>\n<ul>\n<li>Ayba\u015f\u0131dan \u0259vv\u0259l sin\u0259d\u0259 h\u0259ssasl\u0131q, b\u0259d\u0259nd\u0259 maye toplanmas\u0131, yem\u0259k ist\u0259yi, \u0259s\u0259bilik, ruhi v\u0259ziyy\u0259tin pisl\u0259\u015fm\u0259si kimi \u0259lam\u0259tl\u0259rd\u0259n \u015fikay\u0259t\u00e7isinizmi?<\/li>\n<li>\u0130stibasmas\u0131, u\u015faql\u0131q yolunda quruluq, \u0259s\u0259bilik, h\u0259ddind\u0259n art\u0131q t\u0259rl\u0259m\u0259, gec\u0259 t\u0259rl\u0259m\u0259l\u0259ri kimi menopauza simptomlar\u0131ndan \u015fikay\u0259t\u00e7isinizmi?<\/li>\n<li>Ayba\u015f\u0131 d\u00f6vr\u00fcn\u00fcz nizams\u0131z v\u0259 ya h\u0259ddind\u0259n art\u0131q uzundurmu?<\/li>\n<li>Ayba\u015f\u0131 zaman\u0131 \u00fczd\u0259 s\u0131zanaq kimi probleml\u0259riniz olurmu?<\/li>\n<li>Cinsi impuls v\u0259 ya cinsi maraq \u0259skikliyi, yaxud hamil\u0259 qalma probleminiz varm\u0131?<\/li>\n<li>Depressiya, yor\u011funluq v\u0259 ya qorxudan \u015fikay\u0259t\u00e7isinizmi?<\/li>\n<li>Siz\u0259 endometrioz, mioma, fibrokistik s\u00fcd v\u0259zi x\u0259st\u0259liyi v\u0259 ya polikistik yumurtal\u0131q sindromu kimi qad\u0131n hormonal disbalans\u0131 il\u0259 \u0259laq\u0259li h\u0259r hans\u0131 bir x\u0259st\u0259lik diaqnozu qoyulubmu?<\/li>\n<li>\u00dczd\u0259 t\u00fckl\u0259nm\u0259 v\u0259 sa\u00e7 t\u00f6k\u00fclm\u0259si kimi probleminiz varm\u0131?<\/li>\n<li>Osteoporozunuz varm\u0131?<\/li>\n<li>Qal\u00e7a v\u0259 bud \u0259traf\u0131nda h\u0259ddind\u0259n art\u0131q piyl\u0259nm\u0259 m\u00fc\u015fahid\u0259 edirsinizmi?<\/li>\n<\/ul>\n<p>\n\r\n                                            <\/div>\r\n                                        <\/div>\r\n                                    <\/section><section>\r\n                                        <h2 class=\"acc_title_bar\"><a href=\"#\"  style=\"font-size: 15px; !important\">K\u0130\u015e\u0130 HORMONLARINIZI D\u018fY\u018fRL\u018fND\u0130R\u0130N<\/a><\/h2>\r\n                                        <div class=\"acc_container\" style=\"\">\r\n                                            <div class=\"block\">\r\n                                                <\/p>\n<ul>\n<li>Cinsi impuls v\u0259 ya cinsi mara\u011f\u0131n azalmas\u0131ndan \u015fikay\u0259t\u00e7isinizmi?<\/li>\n<li>\u0130mpotensiya v\u0259 buna b\u0259nz\u0259r probleml\u0259riniz varm\u0131?<\/li>\n<li>Sidiy\u0259 \u00e7\u0131xma ya da sidik miqdar\u0131n\u0131n artmas\u0131 il\u0259 \u0259laq\u0259dar probleml\u0259riniz varm\u0131?<\/li>\n<li>Enerjinizin v\u0259 aktivliyinizin azl\u0131\u011f\u0131ndan \u015fikay\u0259t\u00e7isinizmi?<\/li>\n<li>\u018fz\u0259l\u0259l\u0259rinizd\u0259 yum\u015falma v\u0259 ya z\u0259ifl\u0259m\u0259 varm\u0131?<\/li>\n<li>\u018fz\u0259l\u0259 \u0259v\u0259zin\u0259 ya\u011flar\u0131n toplanmas\u0131na meyllik m\u00fc\u015fahid\u0259 edirsinizmi?<\/li>\n<li>H\u0259ft\u0259d\u0259 21 q\u0259d\u0259hd\u0259n \u00e7ox spirtli i\u00e7ki q\u0259bul edirsinizmi?<\/li>\n<li>Siqaret \u00e7\u0259kirsinzimi?<\/li>\n<li>Tez-tez \u00f6z\u00fcn\u00fcz\u00fc g\u0259rgin v\u0259 \u0259s\u0259bi hiss edirsinizmi?<\/li>\n<li>\u00d6z\u00fcn\u00fcz\u00fc depressiv v\u0259 ist\u0259ksiz hiss edirsinizmi?<\/li>\n<li>Sperma h\u00fcceyr\u0259l\u0259rinin say\u0131nda v\u0259 ya keyfiyy\u0259tind\u0259 azalma probleminiz varm\u0131?<\/li>\n<\/ul>\n<p>\n\r\n                                            <\/div>\r\n                                        <\/div>\r\n                                    <\/section><\/div>[\/vc_column][\/vc_row]<\/p>\n","protected":false},"excerpt":{"rendered":"<p>[vc_row][vc_column][\/vc_column][\/vc_row]<\/p>\n","protected":false},"author":1,"featured_media":0,"parent":0,"menu_order":0,"comment_status":"closed","ping_status":"closed","template":"","meta":{"_acf_changed":false,"footnotes":""},"class_list":["post-15683","page","type-page","status-publish","hentry"],"acf":[],"_links":{"self":[{"href":"https:\/\/incilab.az\/en\/wp-json\/wp\/v2\/pages\/15683","targetHints":{"allow":["GET"]}}],"collection":[{"href":"https:\/\/incilab.az\/en\/wp-json\/wp\/v2\/pages"}],"about":[{"href":"https:\/\/incilab.az\/en\/wp-json\/wp\/v2\/types\/page"}],"author":[{"embeddable":true,"href":"https:\/\/incilab.az\/en\/wp-json\/wp\/v2\/users\/1"}],"replies":[{"embeddable":true,"href":"https:\/\/incilab.az\/en\/wp-json\/wp\/v2\/comments?post=15683"}],"version-history":[{"count":2,"href":"https:\/\/incilab.az\/en\/wp-json\/wp\/v2\/pages\/15683\/revisions"}],"predecessor-version":[{"id":15871,"href":"https:\/\/incilab.az\/en\/wp-json\/wp\/v2\/pages\/15683\/revisions\/15871"}],"wp:attachment":[{"href":"https:\/\/incilab.az\/en\/wp-json\/wp\/v2\/media?parent=15683"}],"curies":[{"name":"wp","href":"https:\/\/api.w.org\/{rel}","templated":true}]}}