{"id":15814,"date":"2016-06-16T09:59:27","date_gmt":"2016-06-16T09:59:27","guid":{"rendered":"https:\/\/incilab.az\/baxisimiz-v%c9%99-missiyamiz\/"},"modified":"2023-09-14T07:06:21","modified_gmt":"2023-09-14T07:06:21","slug":"baxisimiz-v%c9%99-missiyamiz","status":"publish","type":"page","link":"https:\/\/incilab.az\/en\/baxisimiz-v%c9%99-missiyamiz\/","title":{"rendered":"Our Vision and Mission"},"content":{"rendered":"<p>[vc_row thsn-bg-color=&#8221;white&#8221; thsn-extended-column=&#8221;first&#8221; thsn-extended-bg-image-position=&#8221;right-top&#8221; thsn-extended-bg-image-repeat=&#8221;y&#8221; full_width=&#8221;stretch_row&#8221; content_placement=&#8221;middle&#8221; disable_element=&#8221;yes&#8221; css=&#8221;.vc_custom_1650637278746{padding-top: 90px !important;padding-bottom: 40px !important;}&#8221; thsn-first-col-bg-image=&#8221;9037&#8243; thsn-responsive-css=&#8221;61836986|colbreak_no|||||||||colbreak_yes|||||||||colbreak_no||||||||||colbreak_no|||||||||&#8221;][vc_column thsn-responsive-css=&#8221;83513971|colbreak_no|||||||||colbreak_no||0|||||||colbreak_no||||||||||colbreak_no|||||||||&#8221;][vc_row_inner content_placement=&#8221;middle&#8221;][vc_column_inner width=&#8221;5\/12&#8243;][\/vc_column_inner][vc_column_inner width=&#8221;7\/12&#8243;][vc_column_text]Lorem ipsum dolor sit amet, consectetur adipisicing elit, sed do eiusmod tempor incididunt ut labore t dolore magna aliqua. Ut enim ad minim veniam quis.Building a healthy environment that supports development for the community. Trusted advice at the doctors at Medical Cure.[\/vc_column_text][\/vc_column_inner][\/vc_row_inner][vc_row_inner][vc_column_inner width=&#8221;1\/3&#8243;][\/vc_column_inner][vc_column_inner width=&#8221;1\/3&#8243;][\/vc_column_inner][vc_column_inner width=&#8221;1\/3&#8243;][\/vc_column_inner][\/vc_row_inner][\/vc_column][\/vc_row][vc_row thsn-bg-color=&#8221;light&#8221; full_width=&#8221;stretch_row&#8221;][vc_column]<div  class=\"thsn-timeline\"><div class=\"thsn-timeline-inner\">\r\n\t\t\t\t\t\t<div class=\" col-sm-12 thsn-ourhistory thsn-ourhistory-type2 \">\r\n\t\t\t\t\t\t\t<div class=\"row thsn-ourhistory-row\">\r\n\t\t\t\t\t\t\t\t<div class=\"col-md-3  col-sm-3 col-xs-3\">\r\n\t\t\t\t\t\t\t\t\t<img loading=\"lazy\" decoding=\"async\" width=\"695\" height=\"372\" src=\"https:\/\/incilab.az\/wp-content\/uploads\/2022\/04\/3-inci.jpg\" class=\"attachment-full size-full\" alt=\"\" srcset=\"https:\/\/incilab.az\/wp-content\/uploads\/2022\/04\/3-inci.jpg 695w, https:\/\/incilab.az\/wp-content\/uploads\/2022\/04\/3-inci-300x161.jpg 300w\" sizes=\"auto, (max-width: 695px) 100vw, 695px\" data-id=\"12562\" \/>\r\n\t\t\t\t\t\t\t\t<\/div>\r\n\t\t\t\t\t\t\t\t<div class=\"col-md-1 thsn-ourhistory-left\">\r\n\t\t\t\t\t\t\t\t\t<span class=\"label\">2017<\/span>\r\n\t\t\t\t\t\t\t\t<\/div>\r\n\t\t\t\t\t\t\t\t<div class=\"col-md-8 col-sm-8 col-xs-8 thsn-ourhistory-right\">\r\n\t\t\t\t\t\t\t\t\t<span class=\"thsn-timeline-image\"><img loading=\"lazy\" decoding=\"async\" width=\"695\" height=\"372\" src=\"https:\/\/incilab.az\/wp-content\/uploads\/2022\/04\/3-inci.jpg\" class=\"attachment-full size-full\" alt=\"\" srcset=\"https:\/\/incilab.az\/wp-content\/uploads\/2022\/04\/3-inci.jpg 695w, https:\/\/incilab.az\/wp-content\/uploads\/2022\/04\/3-inci-300x161.jpg 300w\" sizes=\"auto, (max-width: 695px) 100vw, 695px\" data-id=\"12562\" \/><\/span>\r\n\t\t\t\t\t\t\t\t\t<span class=\"label\">2017<\/span>\r\n\t\t\t\t\t\t\t\t\t<div class=\"content\">\r\n\t\t\t\t\t\t\t\t\t\t<h4>BAXI\u015eIMIZ V\u018f M\u0130SS\u0130YAMIZ<\/h4>\r\n\t\t\t\t\t\t\t\t\t\t<div class=\"simple-text\">\r\n\t\t\t\t\t\t\t\t\t\t\t<p>2017-ci ild\u0259 qurulan \u0130nci Laboratoriyalar\u0131 Az\u0259rbaycanda x\u0259st\u0259xanalara, \u00f6z\u0259l v\u0259 d\u00f6vl\u0259t qurumlar\u0131na h\u0259rt\u0259r\u0259fli, y\u00fcks\u0259k keyfiyy\u0259tli klinik laboratoriya xidm\u0259tl\u0259ri g\u00f6st\u0259rir.<\/p>\r\n\t\t\t\t\t\t\t\t\t\t<\/div>\r\n\t\t\t\t\t\t\t\t\t<\/div>\r\n\t\t\t\t\t\t\t\t<\/div>\r\n\t\t\t\t\t\t\t<\/div> \r\n\t\t\t\t\t\t<\/div>\r\n\t\t\t\t\t\r\n\t\t\t\t\t\t<div class=\" col-sm-12 thsn-ourhistory thsn-ourhistory-type2 \">\r\n\t\t\t\t\t\t\t<div class=\"row thsn-ourhistory-row\">\r\n\t\t\t\t\t\t\t\t<div class=\"col-md-3  col-sm-3 col-xs-3\">\r\n\t\t\t\t\t\t\t\t\t<img loading=\"lazy\" decoding=\"async\" width=\"695\" height=\"372\" src=\"https:\/\/incilab.az\/wp-content\/uploads\/2022\/04\/1-inci.jpg\" class=\"attachment-full size-full\" alt=\"\" srcset=\"https:\/\/incilab.az\/wp-content\/uploads\/2022\/04\/1-inci.jpg 695w, https:\/\/incilab.az\/wp-content\/uploads\/2022\/04\/1-inci-300x161.jpg 300w\" sizes=\"auto, (max-width: 695px) 100vw, 695px\" data-id=\"12561\" \/>\r\n\t\t\t\t\t\t\t\t<\/div>\r\n\t\t\t\t\t\t\t\t<div class=\"col-md-1 thsn-ourhistory-left\">\r\n\t\t\t\t\t\t\t\t\t<span class=\"label\">2017<\/span>\r\n\t\t\t\t\t\t\t\t<\/div>\r\n\t\t\t\t\t\t\t\t<div class=\"col-md-8 col-sm-8 col-xs-8 thsn-ourhistory-right\">\r\n\t\t\t\t\t\t\t\t\t<span class=\"thsn-timeline-image\"><img loading=\"lazy\" decoding=\"async\" width=\"695\" height=\"372\" src=\"https:\/\/incilab.az\/wp-content\/uploads\/2022\/04\/1-inci.jpg\" class=\"attachment-full size-full\" alt=\"\" srcset=\"https:\/\/incilab.az\/wp-content\/uploads\/2022\/04\/1-inci.jpg 695w, https:\/\/incilab.az\/wp-content\/uploads\/2022\/04\/1-inci-300x161.jpg 300w\" sizes=\"auto, (max-width: 695px) 100vw, 695px\" data-id=\"12561\" \/><\/span>\r\n\t\t\t\t\t\t\t\t\t<span class=\"label\">2017<\/span>\r\n\t\t\t\t\t\t\t\t\t<div class=\"content\">\r\n\t\t\t\t\t\t\t\t\t\t<h4>BAXI\u015eIMIZ<\/h4>\r\n\t\t\t\t\t\t\t\t\t\t<div class=\"simple-text\">\r\n\t\t\t\t\t\t\t\t\t\t\t<p>T\u0259qdim etdiyimiz qabaqc\u0131l klinik laboratoriya xidm\u0259tl\u0259ri il\u0259 pe\u015f\u0259kar \u0259laq\u0259l\u0259rimiz olan b\u00fct\u00fcn s\u0259hiyy\u0259 m\u00fc\u0259ssis\u0259l\u0259rin\u0259 x\u0259st\u0259 bax\u0131m\u0131 v\u0259 t\u0259hl\u00fck\u0259sizliyind\u0259 m\u00fck\u0259mm\u0259lliyi t\u0259min etm\u0259k \u00fc\u00e7\u00fcn t\u00f6hf\u0259 verm\u0259k, pasiyentl\u0259rimizin etibar\u0131n\u0131 qazanmaq.<\/p>\r\n\t\t\t\t\t\t\t\t\t\t<\/div>\r\n\t\t\t\t\t\t\t\t\t<\/div>\r\n\t\t\t\t\t\t\t\t<\/div>\r\n\t\t\t\t\t\t\t<\/div> \r\n\t\t\t\t\t\t<\/div>\r\n\t\t\t\t\t\r\n\t\t\t\t\t\t<div class=\" col-sm-12 thsn-ourhistory thsn-ourhistory-type2 \">\r\n\t\t\t\t\t\t\t<div class=\"row thsn-ourhistory-row\">\r\n\t\t\t\t\t\t\t\t<div class=\"col-md-3  col-sm-3 col-xs-3\">\r\n\t\t\t\t\t\t\t\t\t<img loading=\"lazy\" decoding=\"async\" width=\"695\" height=\"372\" src=\"https:\/\/incilab.az\/wp-content\/uploads\/2022\/04\/4-inci.jpg\" class=\"attachment-full size-full\" alt=\"\" srcset=\"https:\/\/incilab.az\/wp-content\/uploads\/2022\/04\/4-inci.jpg 695w, https:\/\/incilab.az\/wp-content\/uploads\/2022\/04\/4-inci-300x161.jpg 300w\" sizes=\"auto, (max-width: 695px) 100vw, 695px\" data-id=\"12563\" \/>\r\n\t\t\t\t\t\t\t\t<\/div>\r\n\t\t\t\t\t\t\t\t<div class=\"col-md-1 thsn-ourhistory-left\">\r\n\t\t\t\t\t\t\t\t\t<span class=\"label\">2017<\/span>\r\n\t\t\t\t\t\t\t\t<\/div>\r\n\t\t\t\t\t\t\t\t<div class=\"col-md-8 col-sm-8 col-xs-8 thsn-ourhistory-right\">\r\n\t\t\t\t\t\t\t\t\t<span class=\"thsn-timeline-image\"><img loading=\"lazy\" decoding=\"async\" width=\"695\" height=\"372\" src=\"https:\/\/incilab.az\/wp-content\/uploads\/2022\/04\/4-inci.jpg\" class=\"attachment-full size-full\" alt=\"\" srcset=\"https:\/\/incilab.az\/wp-content\/uploads\/2022\/04\/4-inci.jpg 695w, https:\/\/incilab.az\/wp-content\/uploads\/2022\/04\/4-inci-300x161.jpg 300w\" sizes=\"auto, (max-width: 695px) 100vw, 695px\" data-id=\"12563\" \/><\/span>\r\n\t\t\t\t\t\t\t\t\t<span class=\"label\">2017<\/span>\r\n\t\t\t\t\t\t\t\t\t<div class=\"content\">\r\n\t\t\t\t\t\t\t\t\t\t<h4>M\u0130SS\u0130YAMIZ<\/h4>\r\n\t\t\t\t\t\t\t\t\t\t<div class=\"simple-text\">\r\n\t\t\t\t\t\t\t\t\t\t\t<p>Y\u00fcks\u0259k keyfiyy\u0259tli v\u0259 etibarl\u0131 laboratoriya xidm\u0259tl\u0259rimiz n\u0259tic\u0259sind\u0259 Az\u0259rbaycanda v\u0259 yax\u0131n co\u011frafi b\u00f6lg\u0259d\u0259 \u0259n \u00e7ox se\u00e7il\u0259n istinad klinik laboratoriyas\u0131 olmaq.<\/p>\r\n\t\t\t\t\t\t\t\t\t\t<\/div>\r\n\t\t\t\t\t\t\t\t\t<\/div>\r\n\t\t\t\t\t\t\t\t<\/div>\r\n\t\t\t\t\t\t\t<\/div> \r\n\t\t\t\t\t\t<\/div>\r\n\t\t\t\t\t<\/div><\/div>[\/vc_column][\/vc_row]<\/p>\n","protected":false},"excerpt":{"rendered":"<p>[vc_row thsn-bg-color=&#8221;white&#8221; thsn-extended-column=&#8221;first&#8221; thsn-extended-bg-image-position=&#8221;right-top&#8221; thsn-extended-bg-image-repeat=&#8221;y&#8221; full_width=&#8221;stretch_row&#8221; content_placement=&#8221;middle&#8221; disable_element=&#8221;yes&#8221; css=&#8221;.vc_custom_1650637278746{padding-top: 90px !important;padding-bottom: 40px !important;}&#8221; thsn-first-col-bg-image=&#8221;9037&#8243; thsn-responsive-css=&#8221;61836986|colbreak_no|||||||||colbreak_yes|||||||||colbreak_no||||||||||colbreak_no|||||||||&#8221;][vc_column thsn-responsive-css=&#8221;83513971|colbreak_no|||||||||colbreak_no||0|||||||colbreak_no||||||||||colbreak_no|||||||||&#8221;][vc_row_inner content_placement=&#8221;middle&#8221;][vc_column_inner width=&#8221;5\/12&#8243;][\/vc_column_inner][vc_column_inner width=&#8221;7\/12&#8243;][vc_column_text]Lorem ipsum dolor sit amet, consectetur adipisicing elit, sed do eiusmod tempor incididunt ut labore t dolore magna aliqua. Ut enim ad minim veniam quis.Building a healthy environment that supports development for the community. Trusted advice at [&hellip;]<\/p>\n","protected":false},"author":1,"featured_media":0,"parent":0,"menu_order":0,"comment_status":"closed","ping_status":"closed","template":"","meta":{"_acf_changed":false,"footnotes":""},"class_list":["post-15814","page","type-page","status-publish","hentry"],"acf":[],"_links":{"self":[{"href":"https:\/\/incilab.az\/en\/wp-json\/wp\/v2\/pages\/15814","targetHints":{"allow":["GET"]}}],"collection":[{"href":"https:\/\/incilab.az\/en\/wp-json\/wp\/v2\/pages"}],"about":[{"href":"https:\/\/incilab.az\/en\/wp-json\/wp\/v2\/types\/page"}],"author":[{"embeddable":true,"href":"https:\/\/incilab.az\/en\/wp-json\/wp\/v2\/users\/1"}],"replies":[{"embeddable":true,"href":"https:\/\/incilab.az\/en\/wp-json\/wp\/v2\/comments?post=15814"}],"version-history":[{"count":1,"href":"https:\/\/incilab.az\/en\/wp-json\/wp\/v2\/pages\/15814\/revisions"}],"predecessor-version":[{"id":15838,"href":"https:\/\/incilab.az\/en\/wp-json\/wp\/v2\/pages\/15814\/revisions\/15838"}],"wp:attachment":[{"href":"https:\/\/incilab.az\/en\/wp-json\/wp\/v2\/media?parent=15814"}],"curies":[{"name":"wp","href":"https:\/\/api.w.org\/{rel}","templated":true}]}}