{"id":15856,"date":"2022-01-12T17:50:05","date_gmt":"2022-01-12T17:50:05","guid":{"rendered":"https:\/\/incilab.az\/test-m%c9%99sl%c9%99h%c9%99t-xidm%c9%99ti\/"},"modified":"2023-09-14T08:24:49","modified_gmt":"2023-09-14T08:24:49","slug":"test-consultancy-service","status":"publish","type":"page","link":"https:\/\/incilab.az\/en\/test-consultancy-service\/","title":{"rendered":"TEST CONSULTANCY SERVICE"},"content":{"rendered":"<p>[vc_row][vc_column][vc_empty_space height=&#8221;20px&#8221;][vc_column_text]<span style=\"color: #000000;\">Sa\u011flaml\u0131\u011f\u0131n\u0131z \u00fc\u00e7\u00fcn ke\u00e7m\u0259li oldu\u011funuz v\u0259 ya ke\u00e7diyiniz m\u00fcayin\u0259l\u0259rl\u0259 ba\u011fl\u0131 ist\u0259nil\u0259n sual v\u0259 probleml\u0259rinizi, <span style=\"color: #993300;\"><strong>*1113<\/strong><\/span> n\u00f6mr\u0259li telefona z\u0259ng ed\u0259r\u0259k v\u0259 ya<span style=\"color: #993300;\"> <a style=\"color: #993300;\" href=\"https:\/\/incilab.az\/evd%c9%99-numun%c9%99-alma-ist%c9%99k-formasi\/\"><strong>\u0130st\u0259k \u00a0Formas\u0131<\/strong> <\/a><\/span>linkin\u0259 klikl\u0259y\u0259r\u0259k forman\u0131 doldurmaqla h\u0259kiml\u0259rimiz\u0259 y\u00f6nl\u0259ndir\u0259 bil\u0259rsiniz.<\/span>[\/vc_column_text][vc_empty_space height=&#8221;20px&#8221;][\/vc_column][\/vc_row]<\/p>\n","protected":false},"excerpt":{"rendered":"<p>[vc_row][vc_column][vc_empty_space height=&#8221;20px&#8221;][vc_column_text]Sa\u011flaml\u0131\u011f\u0131n\u0131z \u00fc\u00e7\u00fcn ke\u00e7m\u0259li oldu\u011funuz v\u0259 ya ke\u00e7diyiniz m\u00fcayin\u0259l\u0259rl\u0259 ba\u011fl\u0131 ist\u0259nil\u0259n sual v\u0259 probleml\u0259rinizi, *1113 n\u00f6mr\u0259li telefona z\u0259ng ed\u0259r\u0259k v\u0259 ya \u0130st\u0259k \u00a0Formas\u0131 linkin\u0259 klikl\u0259y\u0259r\u0259k forman\u0131 doldurmaqla h\u0259kiml\u0259rimiz\u0259 y\u00f6nl\u0259ndir\u0259 bil\u0259rsiniz.[\/vc_column_text][vc_empty_space height=&#8221;20px&#8221;][\/vc_column][\/vc_row]<\/p>\n","protected":false},"author":1,"featured_media":0,"parent":0,"menu_order":0,"comment_status":"closed","ping_status":"closed","template":"","meta":{"_acf_changed":false,"footnotes":""},"class_list":["post-15856","page","type-page","status-publish","hentry"],"acf":[],"_links":{"self":[{"href":"https:\/\/incilab.az\/en\/wp-json\/wp\/v2\/pages\/15856","targetHints":{"allow":["GET"]}}],"collection":[{"href":"https:\/\/incilab.az\/en\/wp-json\/wp\/v2\/pages"}],"about":[{"href":"https:\/\/incilab.az\/en\/wp-json\/wp\/v2\/types\/page"}],"author":[{"embeddable":true,"href":"https:\/\/incilab.az\/en\/wp-json\/wp\/v2\/users\/1"}],"replies":[{"embeddable":true,"href":"https:\/\/incilab.az\/en\/wp-json\/wp\/v2\/comments?post=15856"}],"version-history":[{"count":2,"href":"https:\/\/incilab.az\/en\/wp-json\/wp\/v2\/pages\/15856\/revisions"}],"predecessor-version":[{"id":15861,"href":"https:\/\/incilab.az\/en\/wp-json\/wp\/v2\/pages\/15856\/revisions\/15861"}],"wp:attachment":[{"href":"https:\/\/incilab.az\/en\/wp-json\/wp\/v2\/media?parent=15856"}],"curies":[{"name":"wp","href":"https:\/\/api.w.org\/{rel}","templated":true}]}}