{"id":15872,"date":"2021-12-14T12:44:42","date_gmt":"2021-12-14T12:44:42","guid":{"rendered":"https:\/\/incilab.az\/allergik-testl%c9%99r-qrupu\/"},"modified":"2023-09-14T08:59:03","modified_gmt":"2023-09-14T08:59:03","slug":"group-of-allergic-tests","status":"publish","type":"page","link":"https:\/\/incilab.az\/en\/group-of-allergic-tests\/","title":{"rendered":"Group of allergic tests"},"content":{"rendered":"<p>[vc_row][vc_column]<div class=\"bwl_acc_container\" id=\"accordion_2053291865\" data-search=\"\" data-placeholder=\"Search .....\" data-theme=\"theme-blue\" data-title_bg=\"#2C2C2C\" data-title_text_color=\"#FFFFFF\" data-nav_box_bg=\"#B8B831\" data-title_active_bg=\"#414141\" data-title_active_text_color=\"#F0F0F0\" data-nav_active_box_bg=\"#D0D051\" data-animate=\"slide\" data-rtl=\"\" data-msg_item_found=\" Item(s) Found !\" data-msg_no_result=\"Nothing Found !\" data-ctrl_btn=\"\" data-toggle=\"\" data-closeall=\"1\" data-item_opened=\"0\" data-nav_box=\"\" data-nav_icon=\"\" data-highlight_bg=\"#FFFF80\" data-highlight_color=\"#000000\" data-content_bg=\"\" data-content_text_color=\"\" data-content_link_color=\"\" data-content_link_hover_color=\"\"  data-pagination=\"\" data-limit=\"5\" data-nav_right=\"\" data-suggestion_box=\"\" data-sbox_title=\"Your KeyWords: \" data-sbox_keywords=\"faq, offer, exclusive, free, get\" data-query_string=\"0\"><section>\r\n                                        <h2 class=\"acc_title_bar\"><a href=\"#\"  style=\"font-size: 15px; !important\">ECP (EOZ\u0130NF\u0130L KAT\u0130ON PROTE\u0130N\u0130)<\/a><\/h2>\r\n                                        <div class=\"acc_container\" style=\"\">\r\n                                            <div class=\"block\">\r\n                                                <p><strong>Sinonim:\u00a0<\/strong>ECP<\/p>\n<p><strong>N\u00fcmun\u0259 n\u00f6v\u00fc:\u00a0<\/strong>Serum (Qan n\u00fcmu\u00adn\u0259si vakkumlu s\u0131naq \u015f\u00fc\u015f\u0259sin\u0259 g\u00f6t\u00fc\u00adr\u00fcl\u0259r\u0259k, bir ne\u00e7\u0259 d\u0259f\u0259 \u00e7evirm\u0259kl\u0259 qr\u0131\u015fd\u0131r\u0131ld\u0131qdan sonra, 60-120 d\u0259qiq\u0259 20-24<sup>o<\/sup>C-d\u0259 saxlan\u0131lmal\u0131d\u0131r. Sonra is\u0259 1000-1300 Xg-d\u0259 sentrifuqadan ke\u00e7iril\u0259r\u0259k serumu ayr\u0131lmal\u0131, t\u0259miz s\u0131naq \u015f\u00fc\u015f\u0259sin\u0259 k\u00f6\u00e7\u00fcr\u00fcl\u0259r\u0259k g\u00f6nd\u0259\u00adrilm\u0259lidir.)<\/p>\n<p><strong>N\u00fcmun\u0259 qab\u0131:<\/strong>\u00a0Q\u0131rm\u0131z\u0131 qapaql\u0131 s\u0131naq \u015f\u00fc\u015f\u0259si<\/p>\n<p><strong>N\u00fcmun\u0259 miqdar\u0131:<\/strong>\u00a0250 \u03bcL<\/p>\n<p><strong>\u0130\u015f prinsipi:<\/strong>\u00a0FEIA<\/p>\n<p><strong>N\u00fcmun\u0259d\u0259n imtina s\u0259b\u0259bl\u0259ri:<\/strong>\u00a0H\u0259d\u00addind\u0259n art\u0131q hemoliz, lipemiya, sa\u00adr\u0131l\u0131q<\/p>\n<p><strong>Referens:<\/strong><\/p>\n<table>\n<tbody>\n<tr>\n<td>1-15 ya\u015f<\/td>\n<td>&lt;20 \u03bcg\/L<\/td>\n<\/tr>\n<tr>\n<td>&gt;15 ya\u015f<\/td>\n<td>&lt;16 \u03bcg\/L<\/td>\n<\/tr>\n<\/tbody>\n<\/table>\n<p><strong>\u0130stifad\u0259si:<\/strong>\u00a0Serumda ECP-nin s\u0259\u00adviy\u00ady\u0259si astman\u0131n k\u0259skinl\u0259\u015fm\u0259 d\u0259r\u0259c\u0259si haqq\u0131nda m\u0259lumat verir. H\u0259m\u00e7inin m\u00fcalic\u0259nin m\u00fc\u015fahid\u0259sind\u0259 d\u0259 isti\u00adfad\u0259 olunur<\/p>\n\r\n                                            <\/div>\r\n                                        <\/div>\r\n                                    <\/section><section>\r\n                                        <h2 class=\"acc_title_bar\"><a href=\"#\"  style=\"font-size: 15px; !important\">EOZ\u0130NF\u0130L KAT\u0130ON PROTE\u0130N\u0130<\/a><\/h2>\r\n                                        <div class=\"acc_container\" style=\"\">\r\n                                            <div class=\"block\">\r\n                                                <p><strong>Sinonim:\u00a0<\/strong>ECP<\/p>\n<p><strong>N\u00fcmun\u0259 n\u00f6v\u00fc:\u00a0<\/strong>Serum (Qan n\u00fcmu\u00adn\u0259si vakkumlu s\u0131naq \u015f\u00fc\u015f\u0259sin\u0259 g\u00f6t\u00fc\u00adr\u00fcl\u0259r\u0259k, bir ne\u00e7\u0259 d\u0259f\u0259 \u00e7evirm\u0259kl\u0259 qr\u0131\u015fd\u0131r\u0131ld\u0131qdan sonra, 60-120 d\u0259qiq\u0259 20-24<sup>o<\/sup>C-d\u0259 saxlan\u0131lmal\u0131d\u0131r. Sonra is\u0259 1000-1300 Xg-d\u0259 sentrifuqadan ke\u00e7iril\u0259r\u0259k serumu ayr\u0131lmal\u0131, t\u0259miz s\u0131naq \u015f\u00fc\u015f\u0259sin\u0259 k\u00f6\u00e7\u00fcr\u00fcl\u0259r\u0259k g\u00f6nd\u0259\u00adrilm\u0259lidir.)<\/p>\n<p><strong>N\u00fcmun\u0259 qab\u0131:<\/strong>\u00a0Q\u0131rm\u0131z\u0131 qapaql\u0131 s\u0131naq \u015f\u00fc\u015f\u0259si<\/p>\n<p><strong>N\u00fcmun\u0259 miqdar\u0131:<\/strong>\u00a0250 \u03bcL<\/p>\n<p><strong>\u0130\u015f prinsipi:<\/strong>\u00a0FEIA<\/p>\n<p><strong>N\u00fcmun\u0259d\u0259n imtina s\u0259b\u0259bl\u0259ri:<\/strong>\u00a0H\u0259d\u00addind\u0259n art\u0131q hemoliz, lipemiya, sa\u00adr\u0131l\u0131q<\/p>\n<p><strong>Referens:<\/strong><\/p>\n<table>\n<tbody>\n<tr>\n<td>1-15 ya\u015f<\/td>\n<td>&lt;20 \u03bcg\/L<\/td>\n<\/tr>\n<tr>\n<td>&gt;15 ya\u015f<\/td>\n<td>&lt;16 \u03bcg\/L<\/td>\n<\/tr>\n<\/tbody>\n<\/table>\n<p><strong>\u0130stifad\u0259si:<\/strong>\u00a0Serumda ECP-nin s\u0259\u00adviy\u00ady\u0259si astman\u0131n k\u0259skinl\u0259\u015fm\u0259 d\u0259r\u0259c\u0259si haqq\u0131nda m\u0259lumat verir. H\u0259m\u00e7inin m\u00fcalic\u0259nin m\u00fc\u015fahid\u0259sind\u0259 d\u0259 isti\u00adfad\u0259 olunur<\/p>\n\r\n                                            <\/div>\r\n                                        <\/div>\r\n                                    <\/section><section>\r\n                                        <h2 class=\"acc_title_bar\"><a href=\"#\"  style=\"font-size: 15px; !important\">EOZ\u0130NOF\u0130L SAYI<\/a><\/h2>\r\n                                        <div class=\"acc_container\" style=\"\">\r\n                                            <div class=\"block\">\r\n                                                <p><strong>N\u00fcmun\u0259 n\u00f6v\u00fc:\u00a0<\/strong>EDTA-l\u0131 tam qan<\/p>\n<p><strong>N\u00fcmun\u0259 qab\u0131:<\/strong>\u00a0B\u0259n\u00f6v\u015f\u0259yi qapaql\u0131 s\u0131naq \u015f\u00fc\u015f\u0259si<\/p>\n<p><strong>N\u00fcmun\u0259 miqdar\u0131:<\/strong>\u00a01 mL<\/p>\n<p><strong>\u0130\u015f prinsipi:<\/strong>\u00a0H\u00fcceyr\u0259 say\u0131lmas\u0131 + mikroskopik<\/p>\n<p><strong>N\u00fcmun\u0259d\u0259n imtina s\u0259b\u0259bl\u0259ri:\u00a0<\/strong>N\u00fc\u00admun\u0259nin laxtalanm\u0131\u015f v\u0259 ya hemoliz\u0259 u\u011fram\u0131\u015f olmas\u0131<\/p>\n<p><strong>Referens:\u00a0<\/strong>40-400 eozinofil\/mm<sup>3<\/sup><\/p>\n<p><strong>\u0130stifad\u0259si:\u00a0<\/strong>Alergik x\u0259st\u0259likl\u0259r, para\u00adzit infeksiyalar\u0131, kollagen vaskulyar toxuma x\u0259st\u0259likl\u0259ri, b\u0259zi hema\u00adto\u00adpoetik sistem\u00a0 x\u0259st\u0259likl\u0259ri (pernisioz anemiya, KLL, polisitemiya), post\u00adsple\u00adnektomiya, Addison x\u0259st\u0259liyi, hi\u00adpo\u00adpituiterizm, eozinofilik qastro\u00aden\u00adterit v\u0259 xoral\u0131 kolit zaman\u0131 qan\u00addak\u0131 eozinofill\u0259rin \u00fcmumi say\u0131 art\u0131r<\/p>\n\r\n                                            <\/div>\r\n                                        <\/div>\r\n                                    <\/section><section>\r\n                                        <h2 class=\"acc_title_bar\"><a href=\"#\"  style=\"font-size: 15px; !important\">EOZ\u0130NOF\u0130L SAYI (B\u018fL\u011e\u018fM)<\/a><\/h2>\r\n                                        <div class=\"acc_container\" style=\"\">\r\n                                            <div class=\"block\">\r\n                                                <p><strong>N\u00fcmun\u0259 n\u00f6v\u00fc:\u00a0<\/strong>B\u0259l\u011f\u0259m<\/p>\n<p><strong>\u0130\u015f prinsipi:<\/strong>\u00a0Mikroskopik<\/p>\n<p><strong>\u0130stifad\u0259si:<\/strong>\u00a0Allergik x\u0259st\u0259likl\u0259rin qiy\u00adm\u0259tl\u0259ndirilm\u0259sind\u0259 istifad\u0259 olunur<\/p>\n\r\n                                            <\/div>\r\n                                        <\/div>\r\n                                    <\/section><section>\r\n                                        <h2 class=\"acc_title_bar\"><a href=\"#\"  style=\"font-size: 15px; !important\">IGE (\u0130MMUNOQLOBUL\u0130N E)<\/a><\/h2>\r\n                                        <div class=\"acc_container\" style=\"\">\r\n                                            <div class=\"block\">\r\n                                                <p><strong>Sinonim:<\/strong>\u00a0IgE<\/p>\n<p><strong>N\u00fcmun\u0259 n\u00f6v\u00fc:\u00a0<\/strong>\u00a0Serum<\/p>\n<p><strong>N\u00fcmun\u0259 qab\u0131:<\/strong>\u00a0Q\u0131rm\u0131z\u0131 qapaql\u0131 s\u0131\u00adnaq \u015f\u00fc\u015f\u0259si<\/p>\n<p><strong>N\u00fcmun\u0259 miqdar\u0131:\u00a0<\/strong>200 \u03bcL<\/p>\n<p><strong>\u0130\u015f prinsipi:<\/strong>\u00a0FEIA<\/p>\n<p><strong>N\u00fcmun\u0259d\u0259n imtina s\u0259b\u0259bl\u0259ri:\u00a0<\/strong>H\u0259d\u00add\u0259n art\u0131q hemoliz, lipemiya, sar\u0131l\u0131q<\/p>\n<p><strong>Referens&gt;:<\/strong><\/p>\n<table>\n<tbody>\n<tr>\n<td>&lt;1 ya\u015f<\/td>\n<td>&lt;65 kU\/L<\/td>\n<\/tr>\n<tr>\n<td>2-12 ya\u015f<\/td>\n<td>&lt;150 kU\/L<\/td>\n<\/tr>\n<tr>\n<td>13-15 ya\u015f<\/td>\n<td>1-200 kU\/L<\/td>\n<\/tr>\n<tr>\n<td>&gt;15 ya\u015f<\/td>\n<td>1-100 kU\/L<\/td>\n<\/tr>\n<\/tbody>\n<\/table>\n<p><strong>\u0130stifad\u0259si:<\/strong>\u00a0Allergik x\u0259st\u0259likl\u0259rin qiy\u00adm\u0259tl\u0259ndirilm\u0259sind\u0259 istifad\u0259 olunur. Al\u00adlergik x\u0259st\u0259likl\u0259r, parazit infeksi\u00adyalar\u0131, bronxopulmonar\u00a0 asper\u00adgil\u00adloz\u00adlar, astma, hiperimmunoqlobulin E sindromu v\u0259 Wiskott-Aldrich sindro\u00admunda serumda IgE art\u0131r, b\u0259zi t\u00f6r\u0259\u00adm\u0259l\u0259r, ataksiya telengiektaziya v\u0259 b\u0259zi aqammaqlobulinemiyalarda\u00a0 is\u0259 bu g\u00f6st\u0259rici azal\u0131r<\/p>\n\r\n                                            <\/div>\r\n                                        <\/div>\r\n                                    <\/section><section>\r\n                                        <h2 class=\"acc_title_bar\"><a href=\"#\"  style=\"font-size: 15px; !important\">\u0130MMUNOQLOBUL\u0130N E<\/a><\/h2>\r\n                                        <div class=\"acc_container\" style=\"\">\r\n                                            <div class=\"block\">\r\n                                                <p><strong>Sinonim:<\/strong>\u00a0IgE<\/p>\n<p><strong>N\u00fcmun\u0259 n\u00f6v\u00fc:\u00a0<\/strong>\u00a0Serum<\/p>\n<p><strong>N\u00fcmun\u0259 qab\u0131:<\/strong>\u00a0Q\u0131rm\u0131z\u0131 qapaql\u0131 s\u0131\u00adnaq \u015f\u00fc\u015f\u0259si<\/p>\n<p><strong>N\u00fcmun\u0259 miqdar\u0131:\u00a0<\/strong>200 \u03bcL<\/p>\n<p><strong>\u0130\u015f prinsipi:<\/strong>\u00a0FEIA<\/p>\n<p><strong>N\u00fcmun\u0259d\u0259n imtina s\u0259b\u0259bl\u0259ri:\u00a0<\/strong>H\u0259d\u00add\u0259n art\u0131q hemoliz, lipemiya, sar\u0131l\u0131q<\/p>\n<p><strong>Referens&gt;:<\/strong><\/p>\n<table>\n<tbody>\n<tr>\n<td>&lt;1 ya\u015f<\/td>\n<td>&lt;65 kU\/L<\/td>\n<\/tr>\n<tr>\n<td>2-12 ya\u015f<\/td>\n<td>&lt;150 kU\/L<\/td>\n<\/tr>\n<tr>\n<td>13-15 ya\u015f<\/td>\n<td>1-200 kU\/L<\/td>\n<\/tr>\n<tr>\n<td>&gt;15 ya\u015f<\/td>\n<td>1-100 kU\/L<\/td>\n<\/tr>\n<\/tbody>\n<\/table>\n<p><strong>\u0130stifad\u0259si:<\/strong>\u00a0Allergik x\u0259st\u0259likl\u0259rin qiy\u00adm\u0259tl\u0259ndirilm\u0259sind\u0259 istifad\u0259 olunur. Al\u00adlergik x\u0259st\u0259likl\u0259r, parazit infeksi\u00adyalar\u0131, bronxopulmonar\u00a0 asper\u00adgil\u00adloz\u00adlar, astma, hiperimmunoqlobulin E sindromu v\u0259 Wiskott-Aldrich sindro\u00admunda serumda IgE art\u0131r, b\u0259zi t\u00f6r\u0259\u00adm\u0259l\u0259r, ataksiya telengiektaziya v\u0259 b\u0259zi aqammaqlobulinemiyalarda\u00a0 is\u0259 bu g\u00f6st\u0259rici azal\u0131r<\/p>\n\r\n                                            <\/div>\r\n                                        <\/div>\r\n                                    <\/section><section>\r\n                                        <h2 class=\"acc_title_bar\"><a href=\"#\"  style=\"font-size: 15px; !important\">\u0130NHALYAS\u0130ON ALLERGENL\u018fR<\/a><\/h2>\r\n                                        <div class=\"acc_container\" style=\"\">\r\n                                            <div class=\"block\">\r\n                                                <p><strong>Sinonim:<\/strong>\u00a0Phadiotop<\/p>\n<p><strong>N\u00fcmun\u0259 n\u00f6v\u00fc:\u00a0<\/strong>Serum<\/p>\n<p><strong>N\u00fcmun\u0259 qab\u0131:<\/strong>\u00a0Q\u0131rm\u0131z\u0131 qapaql\u0131 s\u0131\u00adnaq \u015f\u00fc\u015f\u0259si<\/p>\n<p><strong>N\u00fcmun\u0259 miqdar\u0131:\u00a0<\/strong>150 \u03bcL<\/p>\n<p><strong>\u0130\u015f prinsipi:\u00a0<\/strong>FEIA<\/p>\n<p><strong>N\u00fcmun\u0259d\u0259n imtina s\u0259b\u0259bl\u0259ri:<\/strong>\u00a0H\u0259d\u00add\u0259n art\u0131q hemoliz, lipemiya, sar\u0131l\u0131q<\/p>\n<p><strong>Referens:<\/strong>\u00a0Neqativ<\/p>\n<p><strong>\u0130stifad\u0259si:<\/strong>\u00a0T\u0259n\u0259ff\u00fcs yolu il\u0259 q\u0259bul olunan allergenl\u0259r\u0259 qar\u015f\u0131 \u0259m\u0259l\u0259 g\u0259\u00adl\u0259n IgE-nin t\u0259yinind\u0259 istifad\u0259 olu\u00adnur<\/p>\n\r\n                                            <\/div>\r\n                                        <\/div>\r\n                                    <\/section><section>\r\n                                        <h2 class=\"acc_title_bar\"><a href=\"#\"  style=\"font-size: 15px; !important\">PHAD\u0130OTOP (\u0130NHALYAS\u0130ON ALLERGENL\u018fR)<\/a><\/h2>\r\n                                        <div class=\"acc_container\" style=\"\">\r\n                                            <div class=\"block\">\r\n                                                <p><strong>Sinonim:<\/strong>\u00a0Phadiotop<\/p>\n<p><strong>N\u00fcmun\u0259 n\u00f6v\u00fc:\u00a0<\/strong>Serum<\/p>\n<p><strong>N\u00fcmun\u0259 qab\u0131:<\/strong>\u00a0Q\u0131rm\u0131z\u0131 qapaql\u0131 s\u0131\u00adnaq \u015f\u00fc\u015f\u0259si<\/p>\n<p><strong>N\u00fcmun\u0259 miqdar\u0131:\u00a0<\/strong>150 \u03bcL<\/p>\n<p><strong>\u0130\u015f prinsipi:\u00a0<\/strong>FEIA<\/p>\n<p><strong>N\u00fcmun\u0259d\u0259n imtina s\u0259b\u0259bl\u0259ri:<\/strong>\u00a0H\u0259d\u00add\u0259n art\u0131q hemoliz, lipemiya, sar\u0131l\u0131q<\/p>\n<p><strong>Referens:<\/strong>\u00a0Neqativ<\/p>\n<p><strong>\u0130stifad\u0259si:<\/strong>\u00a0T\u0259n\u0259ff\u00fcs yolu il\u0259 q\u0259bul olunan allergenl\u0259r\u0259 qar\u015f\u0131 \u0259m\u0259l\u0259 g\u0259\u00adl\u0259n IgE-nin t\u0259yinind\u0259 istifad\u0259 olu\u00adnur<\/p>\n\r\n                                            <\/div>\r\n                                        <\/div>\r\n                                    <\/section><section>\r\n                                        <h2 class=\"acc_title_bar\"><a href=\"#\"  style=\"font-size: 15px; !important\">SPES\u0130F\u0130K IGE<\/a><\/h2>\r\n                                        <div class=\"acc_container\" style=\"\">\r\n                                            <div class=\"block\">\r\n                                                <p><strong>N\u00fcmun\u0259 n\u00f6v\u00fc:\u00a0<\/strong>Serum<\/p>\n<p><strong>N\u00fcmun\u0259 qab\u0131:<\/strong>\u00a0Q\u0131rm\u0131z\u0131 qapaql\u0131 s\u0131naq \u015f\u00fc\u015f\u0259si<\/p>\n<p><strong>N\u00fcmun\u0259 miqdar\u0131:<\/strong>\u00a0200 \u03bcL<\/p>\n<p><strong>Testin t\u0259rkibi:<\/strong>\u00a0\u018flav\u0259 I-da daha \u0259hat\u0259li m\u0259lumat verilmi\u015fdir<\/p>\n<p><strong>\u0130\u015f prinsipi:<\/strong>\u00a0FEIA<\/p>\n<p><strong>N\u00fcmun\u0259d\u0259n imtina s\u0259b\u0259bl\u0259ri:<\/strong>\u00a0H\u0259d\u00add\u0259n art\u0131q hemoliz, lipemiya, sar\u0131l\u0131q<\/p>\n<p><strong>Referens:<\/strong>\u00a0Neqativ<\/p>\n<p><strong>\u0130stifad\u0259si:<\/strong>\u00a0Astma, allergik rinit, der\u00admatit, anaflaksiya v\u0259 \u00f6vr\u0259 kimi al\u00adlergik x\u0259st\u0259likl\u0259rin t\u0259yinind\u0259 istifad\u0259 olunur<\/p>\n\r\n                                            <\/div>\r\n                                        <\/div>\r\n                                    <\/section><\/div>[\/vc_column][\/vc_row]<\/p>\n","protected":false},"excerpt":{"rendered":"<p>[vc_row][vc_column][\/vc_column][\/vc_row]<\/p>\n","protected":false},"author":1,"featured_media":0,"parent":0,"menu_order":0,"comment_status":"closed","ping_status":"closed","template":"","meta":{"_acf_changed":false,"footnotes":""},"class_list":["post-15872","page","type-page","status-publish","hentry"],"acf":[],"_links":{"self":[{"href":"https:\/\/incilab.az\/en\/wp-json\/wp\/v2\/pages\/15872","targetHints":{"allow":["GET"]}}],"collection":[{"href":"https:\/\/incilab.az\/en\/wp-json\/wp\/v2\/pages"}],"about":[{"href":"https:\/\/incilab.az\/en\/wp-json\/wp\/v2\/types\/page"}],"author":[{"embeddable":true,"href":"https:\/\/incilab.az\/en\/wp-json\/wp\/v2\/users\/1"}],"replies":[{"embeddable":true,"href":"https:\/\/incilab.az\/en\/wp-json\/wp\/v2\/comments?post=15872"}],"version-history":[{"count":2,"href":"https:\/\/incilab.az\/en\/wp-json\/wp\/v2\/pages\/15872\/revisions"}],"predecessor-version":[{"id":15911,"href":"https:\/\/incilab.az\/en\/wp-json\/wp\/v2\/pages\/15872\/revisions\/15911"}],"wp:attachment":[{"href":"https:\/\/incilab.az\/en\/wp-json\/wp\/v2\/media?parent=15872"}],"curies":[{"name":"wp","href":"https:\/\/api.w.org\/{rel}","templated":true}]}}