{"id":15942,"date":"2021-12-18T09:09:05","date_gmt":"2021-12-18T09:09:05","guid":{"rendered":"https:\/\/incilab.az\/e-randevu\/"},"modified":"2023-09-14T12:50:06","modified_gmt":"2023-09-14T12:50:06","slug":"appointment","status":"publish","type":"page","link":"https:\/\/incilab.az\/en\/appointment\/","title":{"rendered":"APPOINTMENT"},"content":{"rendered":"<div id=\"bitforms_1_15942_1\" class=\"bit-form _frm-bg-b1\">\n      \n          <form novalidate id=\"form-bitforms_1_15942_1\" class=\"_frm-b1\"  method='post'>\n              <input type=\"text\" class=\"d-none\" name=\"csrf\" value=\"RIG3zZChbCeouRlBbEmxBJhXsEL214NenT6xRgBEOwo=\">\n              <input type=\"text\" class=\"d-none\" name=\"t_identity\" value=\"vjYSxlBjPLFjLDIADdpdSlQJpYqLT8a3t7\/+XAibBjI=\">\n              \n              <input type=\"text\" class=\"d-none\" name=\"bitforms_id\" value=\"bitforms_1\">\n                  <div class=\"btcd-fld-itm bf1-1 \">\n        <div \n      \n      class=\"bf1-1-fld-wrp bf-fld-wrp \"\n    >\n            <div \n        \n        class=\"bf1-1-lbl-wrp bf-lbl-wrp \" \n      >\n              <label \n         \n        class=\"bf1-1-lbl bf-lbl \"\n        for=\"bf1-1-1\">\n        \n        \n        Ad\n        \n        \n      <\/label>\n        \n      <\/div>\n      <div \n        \n        class=\"bf1-1-inp-wrp bf-inp-wrp \"\n      > \n            <div \n      \n      class=\"bf1-1-inp-fld-wrp bf-inp-fld-wrp \"\n    >\n      <input\n        \n        id=\"bf1-1-1\"\n        \n        class=\"bf1-1-fld bf-fld \"\n        type=\"text\"\n        required\n        \n        \n        placeholder='Ad\u0131n\u0131z\u0131 yaz\u0131n'\n        \n        \n        \n        \n        \n        \n        \n      \/>\n      \n      \n    <\/div>\n    \n        \n            <div class='bf1-1-err-wrp bf-err-wrp' style=\"opacity: 0 !important; height: 0px !important;\">\n    <div class='bf1-1-err-inner bf-err-inner'>\n      \n        \n        <div   class=\"bf1-1-err-msg bf-err-msg  bf1-1-err-txt bf-err-txt \" style='display: none !important;'><\/div>\n        \n      \n      <\/div>\n    <\/div>\n      <\/div>\n    <\/div>\n<\/div><div class=\"btcd-fld-itm bf1-2 \">\n        <div \n      \n      class=\"bf1-2-fld-wrp bf-fld-wrp \"\n    >\n            <div \n        \n        class=\"bf1-2-lbl-wrp bf-lbl-wrp \" \n      >\n              <label \n         \n        class=\"bf1-2-lbl bf-lbl \"\n        for=\"bf1-2-1\">\n        \n        \n        Soyad\n        \n        \n      <\/label>\n        \n      <\/div>\n      <div \n        \n        class=\"bf1-2-inp-wrp bf-inp-wrp \"\n      > \n            <div \n      \n      class=\"bf1-2-inp-fld-wrp bf-inp-fld-wrp \"\n    >\n      <input\n        \n        id=\"bf1-2-1\"\n        \n        class=\"bf1-2-fld bf-fld \"\n        type=\"text\"\n        required\n        \n        \n        placeholder='Soyad\u0131n\u0131z\u0131 yaz\u0131n'\n        \n        \n        \n        \n        \n        \n        \n      \/>\n      \n      \n    <\/div>\n    \n        \n            <div class='bf1-2-err-wrp bf-err-wrp' style=\"opacity: 0 !important; height: 0px !important;\">\n    <div class='bf1-2-err-inner bf-err-inner'>\n      \n        \n        <div   class=\"bf1-2-err-msg bf-err-msg  bf1-2-err-txt bf-err-txt \" style='display: none !important;'><\/div>\n        \n      \n      <\/div>\n    <\/div>\n      <\/div>\n    <\/div>\n<\/div><div class=\"btcd-fld-itm bf1-11 \">\n        <div \n      \n      class=\"bf1-11-fld-wrp bf-fld-wrp \"\n    >\n            <div \n        \n        class=\"bf1-11-lbl-wrp bf-lbl-wrp \" \n      >\n              <label \n         \n        class=\"bf1-11-lbl bf-lbl \"\n        for=\"bf1-11-1\">\n        \n        \n        \u015e\u0259xsiyy\u0259t v\u0259siq\u0259sinin n\u00f6mr\u0259si \n        \n        \n      <\/label>\n        \n      <\/div>\n      <div \n        \n        class=\"bf1-11-inp-wrp bf-inp-wrp \"\n      > \n            <div \n      \n      class=\"bf1-11-inp-fld-wrp bf-inp-fld-wrp \"\n    >\n      <input\n        \n        id=\"bf1-11-1\"\n        \n        class=\"bf1-11-fld bf-fld \"\n        type=\"text\"\n        required\n        \n        \n        placeholder='AZE\/AA 1234567'\n        \n        \n        \n        \n        \n        \n        \n      \/>\n      \n      \n    <\/div>\n    \n        \n            <div class='bf1-11-err-wrp bf-err-wrp' style=\"opacity: 0 !important; height: 0px !important;\">\n    <div class='bf1-11-err-inner bf-err-inner'>\n      \n        \n        <div   class=\"bf1-11-err-msg bf-err-msg  bf1-11-err-txt bf-err-txt \" style='display: none !important;'><\/div>\n        \n      \n      <\/div>\n    <\/div>\n      <\/div>\n    <\/div>\n<\/div><div class=\"btcd-fld-itm bf1-3 \">\n        <div \n      \n      class=\"bf1-3-fld-wrp bf-fld-wrp \"\n    >\n            <div \n        \n        class=\"bf1-3-lbl-wrp bf-lbl-wrp \" \n      >\n              <label \n         \n        class=\"bf1-3-lbl bf-lbl \"\n        for=\"bf1-3-1\">\n        \n        \n        E-po\u00e7t\n        \n        \n      <\/label>\n        \n      <\/div>\n      <div \n        \n        class=\"bf1-3-inp-wrp bf-inp-wrp \"\n      > \n            <div \n      \n      class=\"bf1-3-inp-fld-wrp bf-inp-fld-wrp \"\n    >\n      <input\n        \n        id=\"bf1-3-1\"\n        \n        class=\"bf1-3-fld bf-fld \"\n        type=\"email\"\n        required\n        \n        \n        placeholder='info@incilab.az'\n        \n        \n        \n        \n        \n        \n        \n      \/>\n      \n      \n    <\/div>\n    \n        \n            <div class='bf1-3-err-wrp bf-err-wrp' style=\"opacity: 0 !important; height: 0px !important;\">\n    <div class='bf1-3-err-inner bf-err-inner'>\n      \n        \n        <div   class=\"bf1-3-err-msg bf-err-msg  bf1-3-err-txt bf-err-txt \" style='display: none !important;'><\/div>\n        \n      \n      <\/div>\n    <\/div>\n      <\/div>\n    <\/div>\n<\/div><div class=\"btcd-fld-itm bf1-8 \">\n        <div \n      \n      class=\"bf1-8-fld-wrp bf-fld-wrp \"\n    >\n            <div \n        \n        class=\"bf1-8-lbl-wrp bf-lbl-wrp \" \n      >\n              <label \n         \n        class=\"bf1-8-lbl bf-lbl \"\n        for=\"bf1-8-1\">\n        \n        \n        Telefon\n        \n        \n      <\/label>\n        \n      <\/div>\n      <div \n        \n        class=\"bf1-8-inp-wrp bf-inp-wrp \"\n      > \n            <div \n      \n      class=\"bf1-8-inp-fld-wrp bf-inp-fld-wrp \"\n    >\n      <input\n        \n        id=\"bf1-8-1\"\n        \n        class=\"bf1-8-fld bf-fld \"\n        type=\"number\"\n        required\n        \n        \n        placeholder='(051) 229-49-80'\n        \n        \n        \n        \n        \n        \n        \n      \/>\n      \n      \n    <\/div>\n    \n        \n            <div class='bf1-8-err-wrp bf-err-wrp' style=\"opacity: 0 !important; height: 0px !important;\">\n    <div class='bf1-8-err-inner bf-err-inner'>\n      \n        \n        <div   class=\"bf1-8-err-msg bf-err-msg  bf1-8-err-txt bf-err-txt \" style='display: none !important;'><\/div>\n        \n      \n      <\/div>\n    <\/div>\n      <\/div>\n    <\/div>\n<\/div><div class=\"btcd-fld-itm bf1-9 \">\n        <div \n      \n      class=\"bf1-9-fld-wrp bf-fld-wrp \"\n    >\n            <div \n        \n        class=\"bf1-9-lbl-wrp bf-lbl-wrp \" \n      >\n              <label \n         \n        class=\"bf1-9-lbl bf-lbl \"\n        for=\"bf1-9-1\">\n        \n        \n        Tarix\n        \n        \n      <\/label>\n        \n      <\/div>\n      <div \n        \n        class=\"bf1-9-inp-wrp bf-inp-wrp \"\n      > \n            <div \n      \n      class=\"bf1-9-inp-fld-wrp bf-inp-fld-wrp \"\n    >\n      <input\n        \n        id=\"bf1-9-1\"\n        \n        class=\"bf1-9-fld bf-fld \"\n        type=\"date\"\n        \n        \n        \n        \n        \n        \n        \n        \n        \n        \n        onclick='this.showPicker();'\n      \/>\n      \n      \n    <\/div>\n    \n        \n            <div class='bf1-9-err-wrp bf-err-wrp' style=\"opacity: 0 !important; height: 0px !important;\">\n    <div class='bf1-9-err-inner bf-err-inner'>\n      \n        \n        <div   class=\"bf1-9-err-msg bf-err-msg  bf1-9-err-txt bf-err-txt \" style='display: none !important;'><\/div>\n        \n      \n      <\/div>\n    <\/div>\n      <\/div>\n    <\/div>\n<\/div><div class=\"btcd-fld-itm bf1-10 \">\n        <div \n      \n      class=\"bf1-10-fld-wrp bf-fld-wrp \"\n    >\n            <div \n        \n        class=\"bf1-10-lbl-wrp bf-lbl-wrp \" \n      >\n              <label \n         \n        class=\"bf1-10-lbl bf-lbl \"\n        for=\"bf1-10-1\">\n        \n        \n        Saat\n        \n        \n      <\/label>\n        \n      <\/div>\n      <div \n        \n        class=\"bf1-10-inp-wrp bf-inp-wrp \"\n      > \n            <div \n      \n      class=\"bf1-10-inp-fld-wrp bf-inp-fld-wrp \"\n    >\n      <input\n        \n        id=\"bf1-10-1\"\n        \n        class=\"bf1-10-fld bf-fld \"\n        type=\"time\"\n        \n        \n        \n        \n        \n        \n        \n        \n        \n        \n        onclick='this.showPicker();'\n      \/>\n      \n      \n    <\/div>\n    \n        \n            <div class='bf1-10-err-wrp bf-err-wrp' style=\"opacity: 0 !important; height: 0px !important;\">\n    <div class='bf1-10-err-inner bf-err-inner'>\n      \n        \n        <div   class=\"bf1-10-err-msg bf-err-msg  bf1-10-err-txt bf-err-txt \" style='display: none !important;'><\/div>\n        \n      \n      <\/div>\n    <\/div>\n      <\/div>\n    <\/div>\n<\/div><div class=\"btcd-fld-itm bf1-7 \">\n        <div \n      \n      class=\"bf1-7-fld-wrp bf-fld-wrp \"\n    >\n            <div \n        \n        class=\"bf1-7-lbl-wrp bf-lbl-wrp \" \n      >\n              <label \n         \n        class=\"bf1-7-lbl bf-lbl \"\n        for=\"bf1-7-1\">\n        \n        \n        Getm\u0259k ist\u0259diyiniz filial\n        \n        \n      <\/label>\n        \n      <\/div>\n      <div \n        \n        class=\"bf1-7-inp-wrp bf-inp-wrp \"\n      > \n        \n        \n            <div class='bf1-7-err-wrp bf-err-wrp' style=\"opacity: 0 !important; height: 0px !important;\">\n    <div class='bf1-7-err-inner bf-err-inner'>\n      \n        \n        <div   class=\"bf1-7-err-msg bf-err-msg  bf1-7-err-txt bf-err-txt \" style='display: none !important;'><\/div>\n        \n      \n      <\/div>\n    <\/div>\n      <\/div>\n    <\/div>\n<\/div><div class=\"btcd-fld-itm bf1-12 \">\n        <div \n      \n      class=\"bf1-12-fld-wrp bf-fld-wrp \"\n    >\n            <div \n        \n        class=\"bf1-12-lbl-wrp bf-lbl-wrp \" \n      >\n              <label \n         \n        class=\"bf1-12-lbl bf-lbl \"\n        for=\"bf1-12-1\">\n        \n        \n        \u00dcnvanda xidm\u0259t ist\u0259yir\u0259m\n        \n        \n      <\/label>\n        \n      <\/div>\n      <div \n        \n        class=\"bf1-12-inp-wrp bf-inp-wrp \"\n      > \n            <div \n      \n      class=\"bf1-12-inp-fld-wrp bf-inp-fld-wrp \"\n    >\n      <input\n        \n        id=\"bf1-12-1\"\n        \n        class=\"bf1-12-fld bf-fld \"\n        type=\"text\"\n        \n        \n        \n        placeholder='\u00dcnvan\u0131 qeyd edin'\n        \n        \n        \n        \n        \n        \n        \n      \/>\n      \n      \n    <\/div>\n    \n        \n            <div class='bf1-12-err-wrp bf-err-wrp' style=\"opacity: 0 !important; height: 0px !important;\">\n    <div class='bf1-12-err-inner bf-err-inner'>\n      \n        \n        <div   class=\"bf1-12-err-msg bf-err-msg  bf1-12-err-txt bf-err-txt \" style='display: none !important;'><\/div>\n        \n      \n      <\/div>\n    <\/div>\n      <\/div>\n    <\/div>\n<\/div><div class=\"btcd-fld-itm bf1-5 \">\n        <div \n      \n      class=\"bf1-5-fld-wrp bf-fld-wrp \"\n    >\n            <div \n        \n        class=\"bf1-5-lbl-wrp bf-lbl-wrp \" \n      >\n              <label \n         \n        class=\"bf1-5-lbl bf-lbl \"\n        for=\"bf1-5-1\">\n        \n        \n        Qeyd\n        \n        \n      <\/label>\n        \n      <\/div>\n      <div \n        \n        class=\"bf1-5-inp-wrp bf-inp-wrp \"\n      > \n            <div \n      \n      class=\"bf1-5-inp-fld-wrp bf-inp-fld-wrp \"\n    >\n      <textarea\n        \n        id=\"bf1-5-1\"\n        class=\"bf1-5-fld bf-fld \"\n        \n        \n        \n        placeholder='M\u0259tini bura yaz\u0131n'\n        \n        \n      ><\/textarea>\n      \n      \n    <\/div>\n        \n            <div class='bf1-5-err-wrp bf-err-wrp' style=\"opacity: 0 !important; height: 0px !important;\">\n    <div class='bf1-5-err-inner bf-err-inner'>\n      \n        \n        <div   class=\"bf1-5-err-msg bf-err-msg  bf1-5-err-txt bf-err-txt \" style='display: none !important;'><\/div>\n        \n      \n      <\/div>\n    <\/div>\n      <\/div>\n    <\/div>\n<\/div><div class=\"btcd-fld-itm bf1-6 \">\n        <div \n      \n      class=\"bf1-6-fld-wrp bf-fld-wrp \"\n    >\n      \n      <div \n        \n        class=\"bf1-6-inp-wrp bf-inp-wrp \"\n      > \n              <div \n        \n        class=\"bf1-6-inp-fld-wrp bf-inp-fld-wrp \"\n      >\n        <button\n          \n          class=\"bf1-6-btn bf-btn  \"\n          type=\"submit\"\n          \n          \n        >\n          \n          G\u00d6ND\u018fR\n          \n          <span class=\"bf-spinner d-none\"><\/span>\n        <\/button>\n      <\/div>\n        \n        \n      <\/div>\n    <\/div>\n<\/div>\n          <\/form>\n          \n          <div id='bf-form-msg-wrp-bitforms_1_15942_1'><\/div>\n          \n      <\/div>    <script id=\"bit-form-bf-globals-bitforms_1_15942_1\">      if(!window.bf_globals) { \n        window.bf_globals = {} \n      } if(!window.bf_globals.bitforms_1_15942_1) { \n        window.bf_globals.bitforms_1_15942_1 = {} \n      }\n      if(document.getElementById('bitforms_1_15942_1')) {\n        window.bf_globals.bitforms_1_15942_1 = { \n          ...window.bf_globals.bitforms_1_15942_1, \n          ...{\"ajaxURL\":\"https:\\\/\\\/incilab.az\\\/wp-admin\\\/admin-ajax.php\",\"nonce\":\"09902d88c3\",\"version\":\"2.21.9\",\"layout\":{\"lg\":[{\"w\":3,\"h\":2,\"x\":0,\"y\":0,\"i\":\"bf1-1\",\"minH\":2,\"maxH\":2,\"moved\":false,\"static\":false},{\"w\":3,\"h\":2,\"x\":3,\"y\":0,\"i\":\"bf1-2\",\"minH\":2,\"maxH\":2,\"moved\":false,\"static\":false},{\"w\":6,\"h\":2,\"x\":0,\"y\":2,\"i\":\"bf1-11\",\"minH\":2,\"maxH\":2,\"moved\":false,\"static\":false},{\"w\":6,\"h\":2,\"x\":0,\"y\":4,\"i\":\"bf1-3\",\"minH\":2,\"maxH\":2,\"moved\":false,\"static\":false},{\"w\":6,\"h\":2,\"x\":0,\"y\":6,\"i\":\"bf1-8\",\"minH\":2,\"maxH\":2,\"moved\":false,\"static\":false},{\"w\":3,\"h\":2,\"x\":0,\"y\":8,\"i\":\"bf1-9\",\"minH\":2,\"maxH\":2,\"moved\":false,\"static\":false},{\"w\":3,\"h\":2,\"x\":3,\"y\":8,\"i\":\"bf1-10\",\"minH\":2,\"maxH\":2,\"moved\":false,\"static\":false},{\"w\":6,\"h\":2,\"x\":0,\"y\":10,\"i\":\"bf1-7\",\"minH\":2,\"moved\":false,\"static\":false},{\"w\":6,\"h\":2,\"x\":0,\"y\":12,\"i\":\"bf1-12\",\"minH\":2,\"maxH\":2,\"moved\":false,\"static\":false},{\"w\":3,\"h\":4,\"x\":0,\"y\":14,\"i\":\"bf1-5\",\"moved\":false,\"static\":false},{\"w\":3,\"h\":4,\"x\":3,\"y\":14,\"i\":\"bf1-6\",\"moved\":false,\"static\":false}],\"md\":[{\"w\":4,\"h\":2,\"x\":0,\"y\":0,\"i\":\"bf1-1\",\"minH\":2,\"maxH\":2,\"moved\":false,\"static\":false},{\"w\":4,\"h\":2,\"x\":0,\"y\":4,\"i\":\"bf1-2\",\"minH\":2,\"maxH\":2,\"moved\":false,\"static\":false},{\"w\":4,\"h\":2,\"x\":0,\"y\":2,\"i\":\"bf1-11\",\"minH\":2,\"maxH\":2,\"moved\":false,\"static\":false},{\"w\":4,\"h\":2,\"x\":0,\"y\":16,\"i\":\"bf1-3\",\"minH\":2,\"maxH\":2,\"moved\":false,\"static\":false},{\"w\":4,\"h\":2,\"x\":0,\"y\":6,\"i\":\"bf1-8\",\"minH\":2,\"maxH\":2,\"moved\":false,\"static\":false},{\"w\":4,\"h\":2,\"x\":0,\"y\":8,\"i\":\"bf1-9\",\"minH\":2,\"maxH\":2,\"moved\":false,\"static\":false},{\"w\":4,\"h\":2,\"x\":0,\"y\":10,\"i\":\"bf1-10\",\"minH\":2,\"maxH\":2,\"moved\":false,\"static\":false},{\"w\":4,\"h\":2,\"x\":0,\"y\":14,\"i\":\"bf1-7\",\"minH\":2,\"moved\":false,\"static\":false},{\"w\":4,\"h\":2,\"x\":0,\"y\":12,\"i\":\"bf1-12\",\"minH\":2,\"maxH\":2,\"moved\":false,\"static\":false},{\"w\":4,\"h\":3,\"x\":0,\"y\":18,\"i\":\"bf1-5\",\"moved\":false,\"static\":false},{\"w\":4,\"h\":2,\"x\":0,\"y\":21,\"i\":\"bf1-6\",\"moved\":false,\"static\":false}],\"sm\":[{\"w\":2,\"h\":2,\"x\":0,\"y\":0,\"i\":\"bf1-1\",\"minH\":2,\"maxH\":2,\"moved\":false,\"static\":false},{\"w\":2,\"h\":2,\"x\":0,\"y\":2,\"i\":\"bf1-2\",\"minH\":2,\"maxH\":2,\"moved\":false,\"static\":false},{\"w\":2,\"h\":2,\"x\":0,\"y\":4,\"i\":\"bf1-11\",\"minH\":2,\"maxH\":2,\"moved\":false,\"static\":false},{\"w\":2,\"h\":2,\"x\":0,\"y\":6,\"i\":\"bf1-3\",\"minH\":2,\"maxH\":2,\"moved\":false,\"static\":false},{\"w\":2,\"h\":2,\"x\":0,\"y\":8,\"i\":\"bf1-8\",\"minH\":2,\"maxH\":2,\"moved\":false,\"static\":false},{\"w\":2,\"h\":2,\"x\":0,\"y\":10,\"i\":\"bf1-9\",\"minH\":2,\"maxH\":2,\"moved\":false,\"static\":false},{\"w\":2,\"h\":2,\"x\":0,\"y\":12,\"i\":\"bf1-10\",\"minH\":2,\"maxH\":2,\"moved\":false,\"static\":false},{\"w\":2,\"h\":2,\"x\":0,\"y\":16,\"i\":\"bf1-7\",\"minH\":2,\"moved\":false,\"static\":false},{\"w\":2,\"h\":2,\"x\":0,\"y\":14,\"i\":\"bf1-12\",\"minH\":2,\"maxH\":2,\"moved\":false,\"static\":false},{\"w\":2,\"h\":3,\"x\":0,\"y\":18,\"i\":\"bf1-5\",\"moved\":false,\"static\":false},{\"w\":2,\"h\":2,\"x\":0,\"y\":21,\"i\":\"bf1-6\",\"moved\":false,\"static\":false}]},\"nestedLayout\":{},\"fields\":{\"bf1-1\":{\"typ\":\"text\",\"ph\":\"Ad\\u0131n\\u0131z\\u0131 yaz\\u0131n\",\"valid\":{\"req\":true},\"err\":{\"req\":{\"dflt\":\"<p>This field is required<\\\/p>\",\"show\":true,\"custom\":true,\"msg\":\"<p>Bu xanan\\u0131n doldurulmas\\u0131 m\\u0259cburidir<\\\/p>\"}},\"lbl\":\"Ad\"},\"bf1-2\":{\"typ\":\"text\",\"lbl\":\"Soyad\",\"ph\":\"Soyad\\u0131n\\u0131z\\u0131 yaz\\u0131n\",\"valid\":{\"req\":true},\"err\":{\"req\":{\"dflt\":\"<p>This field is required<\\\/p>\",\"show\":true,\"custom\":true,\"msg\":\"<p>Bu xanan\\u0131n doldurulmas\\u0131 m\\u0259cburidir<\\\/p>\"}}},\"bf1-3\":{\"typ\":\"email\",\"lbl\":\"E-po\\u00e7t\",\"ph\":\"info@incilab.az\",\"pattern\":\"^$_bf_$w+([.-]?$_bf_$w+)*@$_bf_$w+([.-]?$_bf_$w+)*($_bf_$.$_bf_$w{2,3})+$\",\"valid\":{\"req\":true},\"err\":{\"invalid\":{\"dflt\":\"Email is invalid\",\"show\":true},\"req\":{\"dflt\":\"<p>This field is required<\\\/p>\",\"show\":true,\"custom\":true,\"msg\":\"<p>Bu xanan\\u0131n doldurulmas\\u0131 m\\u0259cburidir<\\\/p>\"}}},\"bf1-5\":{\"typ\":\"textarea\",\"lbl\":\"Qeyd\",\"valid\":[],\"err\":[],\"ph\":\"M\\u0259tini bura yaz\\u0131n\"},\"bf1-6\":{\"typ\":\"button\",\"btnTyp\":\"submit\",\"align\":\"right\",\"btnSiz\":\"md\",\"txt\":\"G\\u00d6ND\\u018fR\",\"valid\":[]},\"bf1-7\":{\"typ\":\"select\",\"lbl\":\"Getm\\u0259k ist\\u0259diyiniz filial\",\"mul\":false,\"opt\":[{\"label\":\"G\\u0259nclik filial\\u0131\",\"value\":\"G\\u0259nclik filial\\u0131\"},{\"label\":\"G\\u0259nc\\u0259 filial\\u0131\",\"value\":\"G\\u0259nc\\u0259 filial\\u0131\"},{\"label\":\"Tovuz filial\\u0131\",\"value\":\"Tovuz filial\\u0131\"},{\"label\":\"Sumqay\\u0131t filial\\u0131\",\"value\":\"Sumqay\\u0131t filial\\u0131\"},{\"label\":\"M\\u0259rk\\u0259zi laboratoriyalar\\u0131\",\"value\":\"M\\u0259rk\\u0259zi laboratoriyalar\\u0131\"}],\"valid\":[],\"err\":[],\"val\":\"M\\u0259rk\\u0259zi laboratoriyalar\\u0131\"},\"bf1-8\":{\"typ\":\"number\",\"lbl\":\"Telefon\",\"ph\":\"(051) 229-49-80\",\"valid\":{\"req\":true},\"err\":{\"invalid\":{\"dflt\":\"Number is invalid\",\"show\":true,\"custom\":true,\"msg\":\"<p>N&ouml;mr\\u0259 yanl\\u0131\\u015fd\\u0131r<\\\/p>\"},\"req\":{\"dflt\":\"<p>This field is required<\\\/p>\",\"show\":true,\"custom\":true,\"msg\":\"<p>Bu xanan\\u0131n doldurulmas\\u0131 m\\u0259cburidir<\\\/p>\"}}},\"bf1-9\":{\"typ\":\"date\",\"lbl\":\"Tarix\",\"valid\":[],\"err\":[]},\"bf1-10\":{\"typ\":\"time\",\"lbl\":\"Saat\",\"valid\":[],\"err\":[]},\"bf1-11\":{\"typ\":\"text\",\"lbl\":\"\\u015e\\u0259xsiyy\\u0259t v\\u0259siq\\u0259sinin n\\u00f6mr\\u0259si \",\"valid\":{\"req\":true},\"err\":{\"req\":{\"dflt\":\"<p>This field is required<\\\/p>\",\"show\":true,\"custom\":true,\"msg\":\"<p>Bu xanan\\u0131n doldurulmas\\u0131 m\\u0259cburidir<\\\/p>\"}},\"ph\":\"AZE\\\/AA 1234567\"},\"bf1-12\":{\"typ\":\"text\",\"ph\":\"\\u00dcnvan\\u0131 qeyd edin\",\"valid\":[],\"err\":[],\"lbl\":\"\\u00dcnvanda xidm\\u0259t ist\\u0259yir\\u0259m\"}},\"buttons\":\"\",\"fieldsKey\":{\"bf1-1\":\"bf1-1\",\"bf1-2\":\"bf1-2\",\"bf1-3\":\"bf1-3\",\"bf1-5\":\"bf1-5\",\"bf1-6\":\"bf1-6\",\"bf1-7\":\"bf1-7\",\"bf1-8\":\"bf1-8\",\"bf1-9\":\"bf1-9\",\"bf1-10\":\"bf1-10\",\"bf1-11\":\"bf1-11\",\"bf1-12\":\"bf1-12\"},\"file\":false,\"configs\":{\"bf_separator\":\"__bf__\"},\"formId\":1,\"appID\":\"bitforms_1\",\"GCLID\":false,\"assetUrl\":\"https:\\\/\\\/incilab.az\\\/wp-content\\\/plugins\\\/bit-form\\\/assets\",\"onfieldCondition\":false,\"smartTags\":{\"_bf_current_time\":\"2026-04-17 06:23:28\",\"_bf_admin_email\":\"sahmurady@mail.ru\",\"_bf_date_default\":\"17 April 2026\",\"_bf_date.m\\\/d\\\/y\":\"04\\\/17\\\/26\",\"_bf_date.d\\\/m\\\/y\":\"17\\\/04\\\/26\",\"_bf_date.y\\\/m\\\/d\":\"26\\\/04\\\/17\",\"_bf_date.Y-m-d\":\"2026-04-17\",\"_bf_date.d-M, Y\":\"17-Apr, 2026\",\"_bf_time\":\"06:23\",\"_bf_weekday\":\"Friday\",\"_bf_http_referer_url\":\"\",\"_bf_ip_address\":\"216.73.216.181\",\"_bf_browser_name\":\"Bot\",\"_bf_operating_system\":\"\",\"_bf_random_digit\":\"69e199a0ec485\",\"_bf_user_id\":\"0\",\"_bf_user_first_name\":\" \",\"_bf_user_last_name\":\" \",\"_bf_user_display_name\":\" \",\"_bf_user_nice_name\":\" \",\"_bf_user_login_name\":\" \",\"_bf_user_email\":\" \",\"_bf_user_url\":\" \",\"_bf_current_user_role\":\" \",\"_bf_author_id\":\" \",\"_bf_author_display\":\" \",\"_bf_author_email\":\" \",\"_bf_site_title\":\"\\u0130nci Laboratoriyalar\\u0131\",\"_bf_site_description\":\"\\u0130nci Laboratoriyalar\\u0131\",\"_bf_site_url\":\"https:\\\/\\\/incilab.az\\\/en\\\/\",\"_bf_wp_local_codes\":\"en-US\",\"_bf_separator\":\"__bf__\",\"_bf_post_id\":\"\",\"_bf_post_name\":\"\",\"_bf_post_title\":\"\",\"_bf_post_date\":\"\",\"_bf_post_modified_date\":\"\",\"_bf_post_url\":\"\",\"_bf_is_user_logged_in\":\"logged_out\",\"_bf_entry_id\":\"\",\"_bf_back_view\":\"https:\\\/\\\/incilab.az\\\/en\\\/wp-json\\\/wp\\\/v2\\\/pages\\\/15942\\\/\"},\"paymentCallbackUrl\":\"https:\\\/\\\/incilab.az\\\/en\\\/wp-json\\\/bitform\\\/v1\\\/payments\\\/razorpay\",\"gRecaptchaSiteKey\":null,\"gRecaptchaVersion\":null,\"turnstileSiteKey\":null,\"hCaptchaSiteKey\":null,\"validateFocusLost\":true}\n        };\n      }<\/script>\n","protected":false},"excerpt":{"rendered":"Ad Soyad \u015e\u0259xsiyy\u0259t v\u0259siq\u0259sinin n\u00f6mr\u0259si E-po\u00e7t Telefon Tarix Saat Getm\u0259k ist\u0259diyiniz filial \u00dcnvanda xidm\u0259t ist\u0259yir\u0259m Qeyd G\u00d6ND\u018fR","protected":false},"author":1,"featured_media":0,"parent":0,"menu_order":0,"comment_status":"closed","ping_status":"closed","template":"","meta":{"_acf_changed":false,"footnotes":""},"class_list":["post-15942","page","type-page","status-publish","hentry"],"acf":[],"_links":{"self":[{"href":"https:\/\/incilab.az\/en\/wp-json\/wp\/v2\/pages\/15942","targetHints":{"allow":["GET"]}}],"collection":[{"href":"https:\/\/incilab.az\/en\/wp-json\/wp\/v2\/pages"}],"about":[{"href":"https:\/\/incilab.az\/en\/wp-json\/wp\/v2\/types\/page"}],"author":[{"embeddable":true,"href":"https:\/\/incilab.az\/en\/wp-json\/wp\/v2\/users\/1"}],"replies":[{"embeddable":true,"href":"https:\/\/incilab.az\/en\/wp-json\/wp\/v2\/comments?post=15942"}],"version-history":[{"count":2,"href":"https:\/\/incilab.az\/en\/wp-json\/wp\/v2\/pages\/15942\/revisions"}],"predecessor-version":[{"id":15944,"href":"https:\/\/incilab.az\/en\/wp-json\/wp\/v2\/pages\/15942\/revisions\/15944"}],"wp:attachment":[{"href":"https:\/\/incilab.az\/en\/wp-json\/wp\/v2\/media?parent=15942"}],"curies":[{"name":"wp","href":"https:\/\/api.w.org\/{rel}","templated":true}]}}